{"id":4640,"date":"2017-06-15T08:55:47","date_gmt":"2017-06-15T14:55:47","guid":{"rendered":"http:\/\/www.steelmax.com\/?post_type=product&#038;p=4640"},"modified":"2026-03-03T13:11:37","modified_gmt":"2026-03-03T20:11:37","slug":"steelmax-tungsten-carbide-tipped-tct-annular-cutters","status":"publish","type":"product","link":"https:\/\/steelmax.com\/pt\/produto\/steelmax-tungsten-carbide-tipped-tct-annular-cutters\/","title":{"rendered":"Cortadores anulares Steelmax TCT"},"content":{"rendered":"","protected":false},"excerpt":{"rendered":"<p>As fresas anulares Steelmax TCT s\u00e3o fabricadas com o metal duro da mais alta qualidade dispon\u00edvel e s\u00e3o extremamente adequadas para trabalhar com materiais mais duros e aplica\u00e7\u00f5es de alta velocidade. As fresas TCT s\u00e3o mais econ\u00f4micas para furos maiores (acima de 1-1\/2\u2033 de di\u00e2metro) e em materiais mais espessos (2\u2033 ou mais).<\/p>\n<p>Todos os cortadores anulares Steelmax s\u00e3o enviados com um pino piloto instalado sem custo extra. *<\/p>\n<p>O fluido de corte de alto desempenho Steelmax deve ser usado com todos os cortadores anulares para um desempenho de corte ideal e para estender a vida \u00fatil do cortador. Nosso fluido de corte de alto desempenho \u00e9 um fluido de corte \u00e0 base de \u00e1gua que \u00e9 biodegrad\u00e1vel e n\u00e3o requer limpeza demorada antes da soldagem ou montagem das pe\u00e7as.<\/p>\n<blockquote><p>*<em>Cortadores TCT de 6 \u2033 n\u00e3o s\u00e3o enviados com pino piloto<\/em>. <a href=\"https:\/\/steelmax.com\/pt\/produto\/pilot-pins\/\"><strong>Clique aqui para comprar<\/strong><\/a> um pino piloto de uma ou duas pe\u00e7as com seu pedido de cortador anular de 6 \u2033.<\/p><\/blockquote>","protected":false},"featured_media":8324,"template":"","meta":{"_acf_changed":false,"content-type":""},"product_brand":[],"product_cat":[230],"product_tag":[],"class_list":{"0":"post-4640","1":"product","2":"type-product","3":"status-publish","4":"has-post-thumbnail","6":"product_cat-annular-cutters","8":"first","9":"instock","10":"featured","11":"taxable","12":"shipping-taxable","13":"purchasable","14":"product-type-variable"},"acf":[],"aioseo_notices":[],"_links":{"self":[{"href":"https:\/\/steelmax.com\/pt\/wp-json\/wp\/v2\/product\/4640","targetHints":{"allow":["GET"]}}],"collection":[{"href":"https:\/\/steelmax.com\/pt\/wp-json\/wp\/v2\/product"}],"about":[{"href":"https:\/\/steelmax.com\/pt\/wp-json\/wp\/v2\/types\/product"}],"wp:featuredmedia":[{"embeddable":true,"href":"https:\/\/steelmax.com\/pt\/wp-json\/wp\/v2\/media\/8324"}],"wp:attachment":[{"href":"https:\/\/steelmax.com\/pt\/wp-json\/wp\/v2\/media?parent=4640"}],"wp:term":[{"taxonomy":"product_brand","embeddable":true,"href":"https:\/\/steelmax.com\/pt\/wp-json\/wp\/v2\/product_brand?post=4640"},{"taxonomy":"product_cat","embeddable":true,"href":"https:\/\/steelmax.com\/pt\/wp-json\/wp\/v2\/product_cat?post=4640"},{"taxonomy":"product_tag","embeddable":true,"href":"https:\/\/steelmax.com\/pt\/wp-json\/wp\/v2\/product_tag?post=4640"}],"curies":[{"name":"wp","href":"https:\/\/api.w.org\/{rel}","templated":true}]}}