{"id":3586,"date":"2018-03-26T15:59:39","date_gmt":"2018-03-26T21:59:39","guid":{"rendered":"http:\/\/www.steelmax.com\/?post_type=product&#038;p=3586"},"modified":"2026-03-16T20:39:41","modified_gmt":"2026-03-17T02:39:41","slug":"bm20-portable-beveling-machine","status":"publish","type":"product","link":"https:\/\/steelmax.com\/pt\/produto\/bm20-portable-beveling-machine\/","title":{"rendered":"M\u00e1quina de chanfradura port\u00e1til BM20 PLUS"},"content":{"rendered":"<ul>\n<li>M\u00e1quina port\u00e1til de alta resist\u00eancia<\/li>\n<li>Equipado com rolos guia para f\u00e1cil opera\u00e7\u00e3o<\/li>\n<li>Prote\u00e7\u00e3o autom\u00e1tica contra sobrecarga do motor<\/li>\n<li>Equipado com duas cabe\u00e7as de fresagem para uma opera\u00e7\u00e3o suave e eficiente<\/li>\n<\/ul>","protected":false},"excerpt":{"rendered":"<p>O BM20 Plus \u00e9 uma m\u00e1quina de biselagem port\u00e1til de baixo custo, para servi\u00e7os pesados, operada manualmente, projetada para fresar chanfros precisos de alta qualidade para a prepara\u00e7\u00e3o de solda em chapas e tubos. Utilizando uma cabe\u00e7a de fresagem rotativa com dez pastilhas de metal duro intercambi\u00e1veis, o BM20 Plus criar\u00e1 \u00e2ngulos de chanfro precisos que melhoram o tempo de ajuste, eliminam defeitos de solda e reduzem o uso de consum\u00edveis de soldagem.<\/p>\n<p>Ao contr\u00e1rio do corte t\u00e9rmico para prepara\u00e7\u00e3o de solda, o BM20 Plus n\u00e3o produz zona afetada pelo calor ou distor\u00e7\u00e3o da pe\u00e7a de trabalho. Esta m\u00e1quina simples de operar pode ser transportada para qualquer lugar e elimina o manuseio de materiais caro associado ao deslocamento das placas pela oficina para as m\u00e1quinas de queima e fresagem estacion\u00e1rias.<\/p>\n<p>O circuito autom\u00e1tico de prote\u00e7\u00e3o contra sobrecarga t\u00e9rmica protege o motor contra falhas prematuras, fornecendo uma ferramenta confi\u00e1vel que pode suportar os trabalhos mais dif\u00edceis.<\/p>\n<p>RECURSOS<\/p>\n<ul>\n<li>M\u00e1quina port\u00e1til de alta resist\u00eancia<\/li>\n<li>Equipado com rolos guia para f\u00e1cil opera\u00e7\u00e3o<\/li>\n<li>Prote\u00e7\u00e3o autom\u00e1tica contra sobrecarga do motor<\/li>\n<li>Equipado com duas cabe\u00e7as de fresagem para uma opera\u00e7\u00e3o suave e eficiente<\/li>\n<li>Ajuste cont\u00ednuo do \u00e2ngulo de chanfro entre 15 \u00b0 - 60 \u00b0<\/li>\n<\/ul>","protected":false},"featured_media":3617,"template":"","meta":{"_acf_changed":false,"content-type":""},"product_brand":[],"product_cat":[253,586,211,213],"product_tag":[],"class_list":{"0":"post-3586","1":"product","2":"type-product","3":"status-publish","4":"has-post-thumbnail","6":"product_cat-manual","7":"product_cat-manual-pipe-bevelers","8":"product_cat-plate-pipe-beveling","9":"product_cat-plate-bevelers","11":"first","12":"instock","13":"taxable","14":"shipping-taxable","15":"product-type-simple"},"acf":[],"aioseo_notices":[],"_links":{"self":[{"href":"https:\/\/steelmax.com\/pt\/wp-json\/wp\/v2\/product\/3586","targetHints":{"allow":["GET"]}}],"collection":[{"href":"https:\/\/steelmax.com\/pt\/wp-json\/wp\/v2\/product"}],"about":[{"href":"https:\/\/steelmax.com\/pt\/wp-json\/wp\/v2\/types\/product"}],"wp:featuredmedia":[{"embeddable":true,"href":"https:\/\/steelmax.com\/pt\/wp-json\/wp\/v2\/media\/3617"}],"wp:attachment":[{"href":"https:\/\/steelmax.com\/pt\/wp-json\/wp\/v2\/media?parent=3586"}],"wp:term":[{"taxonomy":"product_brand","embeddable":true,"href":"https:\/\/steelmax.com\/pt\/wp-json\/wp\/v2\/product_brand?post=3586"},{"taxonomy":"product_cat","embeddable":true,"href":"https:\/\/steelmax.com\/pt\/wp-json\/wp\/v2\/product_cat?post=3586"},{"taxonomy":"product_tag","embeddable":true,"href":"https:\/\/steelmax.com\/pt\/wp-json\/wp\/v2\/product_tag?post=3586"}],"curies":[{"name":"wp","href":"https:\/\/api.w.org\/{rel}","templated":true}]}}