{"id":13320,"date":"2024-07-19T11:40:13","date_gmt":"2024-07-19T17:40:13","guid":{"rendered":"https:\/\/steelmax.com\/?post_type=product&#038;p=13320"},"modified":"2026-03-02T04:27:19","modified_gmt":"2026-03-02T11:27:19","slug":"step-drills","status":"publish","type":"product","link":"https:\/\/steelmax.com\/pt\/produto\/step-drills\/","title":{"rendered":"Brocas escalonadas de flauta espiral"},"content":{"rendered":"<ul>\n<li>\u00a0 \u00a0Garante maior vida \u00fatil da ferramenta e resultados mais r\u00e1pidos.<\/li>\n<li>\u00a0 \u00a0Necessita de resfriamento m\u00ednimo para funcionar.<\/li>\n<li>\u00a0 \u00a0Proporciona perfura\u00e7\u00f5es suaves e sem rebarbas.<\/li>\n<li>\u00a0 \u00a0Reduz a for\u00e7a necess\u00e1ria durante os procedimentos de corte.<\/li>\n<li>\u00a0 Equipado com uma haste de 3 planos para melhorar a ader\u00eancia dentro do mandril, evitando o deslizamento.<\/li>\n<li>\u00a0 Oferecido em tamanhos individuais ou como um conjunto de 3 ou 5 pe\u00e7as<\/li>\n<\/ul>","protected":false},"excerpt":{"rendered":"<h2>Brocas escalonadas com revestimento de nitreto de tit\u00e2nio<\/h2>\n<p>Apresentamos nossas brocas escalonadas premium, habilmente projetadas para perfura\u00e7\u00e3o de precis\u00e3o em chapas met\u00e1licas, metais finos e ligas met\u00e1licas. Fabricadas em a\u00e7o de alta velocidade (HSS) com formula\u00e7\u00e3o M2-AL e revestimento de nitrato de tit\u00e2nio, essas brocas oferecem durabilidade e efici\u00eancia excepcionais.<\/p>\n<h2>Material avan\u00e7ado para maior vida \u00fatil do cortador<\/h2>\n<p>Nossas brocas escalonadas apresentam uma formula\u00e7\u00e3o M2-AL, que proporciona uma propaga\u00e7\u00e3o de calor superior e uma estrutura menos fr\u00e1gil em compara\u00e7\u00e3o com outras formula\u00e7\u00f5es M2, inclusive aquelas com aditivos de cobalto. Isso garante uma vida \u00fatil mais longa e um desempenho consistente. A adi\u00e7\u00e3o de um revestimento de nitreto de tit\u00e2nio (TiN) aumenta ainda mais a longevidade dessas brocas, proporcionando opera\u00e7\u00f5es de perfura\u00e7\u00e3o mais suaves e eficientes. Esse revestimento n\u00e3o apenas prolonga a vida \u00fatil da ferramenta, mas tamb\u00e9m otimiza o processo de perfura\u00e7\u00e3o, reduzindo o atrito e o desgaste.<\/p>\n<h3>Rebarba\u00e7\u00e3o autom\u00e1tica e design eficiente<\/h3>\n<p>Projetadas com um sistema de dois canais, essas Step Drills garantem um corte mais r\u00e1pido e suave. \u00c0 medida que voc\u00ea perfura, as brocas rebarbam automaticamente os furos, economizando tempo e esfor\u00e7o. Capazes de perfurar sem esfor\u00e7o metais com espessura de at\u00e9 5\/32\" (4 mm), nossas Step Drills s\u00e3o a solu\u00e7\u00e3o perfeita para todas as suas necessidades de usinagem de metais.<\/p>\n<p>Atualize seu kit de ferramentas com nossas brocas escalonadas de alto desempenho com revestimento de nitreto de tit\u00e2nio e experimente precis\u00e3o e durabilidade inigual\u00e1veis em seus projetos de perfura\u00e7\u00e3o.<\/p>\n<p><a href=\"https:\/\/steelmax.com\/pt\/produto\/step-drill-sets\/\">Clique aqui para explorar nossos kits de furadeira de passo<\/a><\/p>","protected":false},"featured_media":13646,"template":"","meta":{"_acf_changed":false,"content-type":""},"product_brand":[],"product_cat":[202,235],"product_tag":[],"class_list":{"0":"post-13320","1":"product","2":"type-product","3":"status-publish","4":"has-post-thumbnail","6":"product_cat-drilling-and-punching-machines","7":"product_cat-mag-drill-accessories","9":"first","10":"instock","11":"taxable","12":"shipping-taxable","13":"purchasable","14":"product-type-variable"},"acf":[],"aioseo_notices":[],"_links":{"self":[{"href":"https:\/\/steelmax.com\/pt\/wp-json\/wp\/v2\/product\/13320","targetHints":{"allow":["GET"]}}],"collection":[{"href":"https:\/\/steelmax.com\/pt\/wp-json\/wp\/v2\/product"}],"about":[{"href":"https:\/\/steelmax.com\/pt\/wp-json\/wp\/v2\/types\/product"}],"wp:featuredmedia":[{"embeddable":true,"href":"https:\/\/steelmax.com\/pt\/wp-json\/wp\/v2\/media\/13646"}],"wp:attachment":[{"href":"https:\/\/steelmax.com\/pt\/wp-json\/wp\/v2\/media?parent=13320"}],"wp:term":[{"taxonomy":"product_brand","embeddable":true,"href":"https:\/\/steelmax.com\/pt\/wp-json\/wp\/v2\/product_brand?post=13320"},{"taxonomy":"product_cat","embeddable":true,"href":"https:\/\/steelmax.com\/pt\/wp-json\/wp\/v2\/product_cat?post=13320"},{"taxonomy":"product_tag","embeddable":true,"href":"https:\/\/steelmax.com\/pt\/wp-json\/wp\/v2\/product_tag?post=13320"}],"curies":[{"name":"wp","href":"https:\/\/api.w.org\/{rel}","templated":true}]}}