{"id":5027,"date":"2018-04-10T01:04:11","date_gmt":"2018-04-10T06:04:11","guid":{"rendered":"https:\/\/www.steelmax.com\/?page_id=5027"},"modified":"2019-05-31T13:03:31","modified_gmt":"2019-05-31T18:03:31","slug":"manual-plate-bevelers","status":"publish","type":"page","link":"https:\/\/steelmax.com\/pt\/plate-pipe-beveling-solutions\/plate-bevelers-new-layout\/manual-plate-bevelers\/","title":{"rendered":"Chanfradores de placa manuais"},"content":{"rendered":"<h1 class=\"section-name\"><strong>Chanfradores de placa manuais<\/strong><\/h1>\n<p>A Oficina de Soldagem dos 21<sup>st<\/sup> A Century tem \u00e0 sua disposi\u00e7\u00e3o muitas novas tecnologias inovadoras para melhorar a produtividade. Os avan\u00e7os no controle de processos, automa\u00e7\u00e3o, metais de adi\u00e7\u00e3o e gases de prote\u00e7\u00e3o v\u00eam em um ritmo r\u00e1pido. A implementa\u00e7\u00e3o desses avan\u00e7os pode levar a economias significativas de custos, melhoria na qualidade e redu\u00e7\u00e3o no retrabalho para muitas lojas. No entanto, \u00e9 muito importante lembrar que, mesmo com esses avan\u00e7os, os fundamentos b\u00e1sicos da soldagem ainda s\u00e3o essenciais para uma opera\u00e7\u00e3o bem-sucedida.<\/p>\n<p>A Steelmax oferece uma linha completa de solu\u00e7\u00f5es de chanfro para placas e tubos para atender at\u00e9 mesmo os mais exigentes requisitos de fabrica\u00e7\u00e3o de a\u00e7o. De m\u00e1quinas manuais e port\u00e1teis a grandes m\u00e1quinas autom\u00e1ticas, a Steelmax tem o que voc\u00ea precisa!<\/p>\n<p>&nbsp;<\/p>\n<div class=\"steel_cat\"><div class=\"post-11980 product\"><a class=\"image\" href=\"https:\/\/steelmax.com\/pt\/produto\/bm18-portable-beveling-machine\/\"><div class=\"crossfade-images\"><img decoding=\"async\" width=\"1420\" height=\"2000\" src=\"https:\/\/steelmax.com\/wp-content\/uploads\/2023\/03\/BM-18-SteelmaxWEB.png\" class=\"attachment-post-thumbnail size-post-thumbnail wp-post-image\" alt=\"Steelmax Portable Beveler\" srcset=\"https:\/\/steelmax.com\/wp-content\/uploads\/2023\/03\/BM-18-SteelmaxWEB-9x12.png 9w, https:\/\/steelmax.com\/wp-content\/uploads\/2023\/03\/BM-18-SteelmaxWEB-200x282.png 200w, https:\/\/steelmax.com\/wp-content\/uploads\/2023\/03\/BM-18-SteelmaxWEB-400x563.png 400w, https:\/\/steelmax.com\/wp-content\/uploads\/2023\/03\/BM-18-SteelmaxWEB-600x845.png 600w, https:\/\/steelmax.com\/wp-content\/uploads\/2023\/03\/BM-18-SteelmaxWEB-700x986.png 700w, https:\/\/steelmax.com\/wp-content\/uploads\/2023\/03\/BM-18-SteelmaxWEB-768x1082.png 768w, https:\/\/steelmax.com\/wp-content\/uploads\/2023\/03\/BM-18-SteelmaxWEB-800x1127.png 800w, https:\/\/steelmax.com\/wp-content\/uploads\/2023\/03\/BM-18-SteelmaxWEB-1091x1536.png 1091w, https:\/\/steelmax.com\/wp-content\/uploads\/2023\/03\/BM-18-SteelmaxWEB-1100x1549.png 1100w, https:\/\/steelmax.com\/wp-content\/uploads\/2023\/03\/BM-18-SteelmaxWEB-1200x1690.png 1200w, https:\/\/steelmax.com\/wp-content\/uploads\/2023\/03\/BM-18-SteelmaxWEB.png 1420w\" sizes=\"(max-width: 1420px) 100vw, 1420px\" \/><\/div><\/a><div class=\"prod_content\"><h3 class=\"product-title\"><a class=\"title\" href=\"https:\/\/steelmax.com\/pt\/produto\/bm18-portable-beveling-machine\/\">M\u00e1quina de chanfrar port\u00e1til BM18<\/a><\/h3><ul>\r\n \t<li>M\u00e1quina de biselagem altamente eficiente - at\u00e9 10 vezes mais r\u00e1pida do que a retifica\u00e7\u00e3o<\/li>\r\n \t<li>N\u00e3o produz poeira perigosa, melhorando muito o ambiente de trabalho<\/li>\r\n \t<li>Placa guia e guias de rolos garantem \u00e2ngulos chanfrados de alta precis\u00e3o e consistentes<\/li>\r\n \t<li>O design ergon\u00f4mico leve reduz a fadiga do trabalhador<\/li>\r\n<\/ul><p class=\"read_more\"><a class=\"sm_button blue\" href=\"https:\/\/steelmax.com\/pt\/produto\/bm18-portable-beveling-machine\/\">CONSULTE MAIS INFORMA\u00c7\u00c3O<\/a><\/p><\/div><\/div><div class=\"post-4545 product\"><a class=\"image\" href=\"https:\/\/steelmax.com\/pt\/produto\/bm7-compact-plate-and-pipe-beveling-machine\/\"><div class=\"crossfade-images\"><img decoding=\"async\" width=\"2048\" height=\"1873\" src=\"https:\/\/steelmax.com\/wp-content\/uploads\/2018\/04\/BM_7-Steelmax.png\" class=\"attachment-post-thumbnail size-post-thumbnail wp-post-image\" alt=\"bm7 compact plate and pipe beveling machine\" srcset=\"https:\/\/steelmax.com\/wp-content\/uploads\/2018\/04\/BM_7-Steelmax-13x12.png 13w, https:\/\/steelmax.com\/wp-content\/uploads\/2018\/04\/BM_7-Steelmax-200x183.png 200w, https:\/\/steelmax.com\/wp-content\/uploads\/2018\/04\/BM_7-Steelmax-400x366.png 400w, https:\/\/steelmax.com\/wp-content\/uploads\/2018\/04\/BM_7-Steelmax-600x549.png 600w, https:\/\/steelmax.com\/wp-content\/uploads\/2018\/04\/BM_7-Steelmax-700x640.png 700w, https:\/\/steelmax.com\/wp-content\/uploads\/2018\/04\/BM_7-Steelmax-768x702.png 768w, https:\/\/steelmax.com\/wp-content\/uploads\/2018\/04\/BM_7-Steelmax-800x732.png 800w, https:\/\/steelmax.com\/wp-content\/uploads\/2018\/04\/BM_7-Steelmax-1100x1006.png 1100w, https:\/\/steelmax.com\/wp-content\/uploads\/2018\/04\/BM_7-Steelmax-1200x1098.png 1200w, https:\/\/steelmax.com\/wp-content\/uploads\/2018\/04\/BM_7-Steelmax-1536x1405.png 1536w, https:\/\/steelmax.com\/wp-content\/uploads\/2018\/04\/BM_7-Steelmax.png 2048w\" sizes=\"(max-width: 2048px) 100vw, 2048px\" \/><\/div><\/a><div class=\"prod_content\"><h3 class=\"product-title\"><a class=\"title\" href=\"https:\/\/steelmax.com\/pt\/produto\/bm7-compact-plate-and-pipe-beveling-machine\/\">M\u00e1quina de biselamento de tubos e placas compactas BM7<\/a><\/h3><ul>\r\n \t<li>Cabe\u00e7a de fresagem rotativa usando 4 pastilhas de metal duro com cobertura TiN intercambi\u00e1veis<\/li>\r\n \t<li>Chanfro de 45 graus com largura de chanfro vari\u00e1vel de at\u00e9 \u00bc &quot;(7 mm)<\/li>\r\n \t<li>Pastilhas para fresamento de raio dispon\u00edveis para raios de 2, 3, 4 e 5 mm<\/li>\r\n \t<li>Design compacto e ergon\u00f4mico com al\u00e7a acolchoada<\/li>\r\n \t<li>Ajustes cont\u00ednuos da largura do bisel<\/li>\r\n<\/ul><p class=\"read_more\"><a class=\"sm_button blue\" href=\"https:\/\/steelmax.com\/pt\/produto\/bm7-compact-plate-and-pipe-beveling-machine\/\">CONSULTE MAIS INFORMA\u00c7\u00c3O<\/a><\/p><\/div><\/div><div class=\"post-3586 product\"><a class=\"image\" href=\"https:\/\/steelmax.com\/pt\/produto\/bm20-portable-beveling-machine\/\"><div class=\"crossfade-images\"><img decoding=\"async\" width=\"600\" height=\"600\" src=\"https:\/\/steelmax.com\/wp-content\/uploads\/2016\/03\/BM20-PLUS_0316_2.jpg\" class=\"attachment-post-thumbnail size-post-thumbnail wp-post-image\" alt=\"portable beveling machine\" srcset=\"https:\/\/steelmax.com\/wp-content\/uploads\/2016\/03\/BM20-PLUS_0316_2-100x100.jpg 100w, https:\/\/steelmax.com\/wp-content\/uploads\/2016\/03\/BM20-PLUS_0316_2-128x128.jpg 128w, https:\/\/steelmax.com\/wp-content\/uploads\/2016\/03\/BM20-PLUS_0316_2-151x151.jpg 151w, https:\/\/steelmax.com\/wp-content\/uploads\/2016\/03\/BM20-PLUS_0316_2-275x275.jpg 275w, https:\/\/steelmax.com\/wp-content\/uploads\/2016\/03\/BM20-PLUS_0316_2-500x500.jpg 500w, https:\/\/steelmax.com\/wp-content\/uploads\/2016\/03\/BM20-PLUS_0316_2.jpg 600w\" sizes=\"(max-width: 600px) 100vw, 600px\" \/><\/div><\/a><div class=\"prod_content\"><h3 class=\"product-title\"><a class=\"title\" href=\"https:\/\/steelmax.com\/pt\/produto\/bm20-portable-beveling-machine\/\">M\u00e1quina de chanfradura port\u00e1til BM20 PLUS<\/a><\/h3><ul>\r\n \t<li>M\u00e1quina port\u00e1til de alta resist\u00eancia<\/li>\r\n \t<li>Equipado com rolos guia para f\u00e1cil opera\u00e7\u00e3o<\/li>\r\n \t<li>Prote\u00e7\u00e3o autom\u00e1tica contra sobrecarga do motor<\/li>\r\n \t<li>Equipado com duas cabe\u00e7as de fresagem para uma opera\u00e7\u00e3o suave e eficiente<\/li>\r\n<\/ul><p class=\"read_more\"><a class=\"sm_button blue\" href=\"https:\/\/steelmax.com\/pt\/produto\/bm20-portable-beveling-machine\/\">CONSULTE MAIS INFORMA\u00c7\u00c3O<\/a><\/p><\/div><\/div><div class=\"post-3320 product\"><a class=\"image\" href=\"https:\/\/steelmax.com\/pt\/produto\/bm21-portable-beveling-machine\/\"><div class=\"crossfade-images\"><img decoding=\"async\" width=\"600\" height=\"600\" src=\"https:\/\/steelmax.com\/wp-content\/uploads\/2015\/07\/b21-image-three.jpg\" class=\"attachment-post-thumbnail size-post-thumbnail wp-post-image\" alt=\"beveling machine\" srcset=\"https:\/\/steelmax.com\/wp-content\/uploads\/2015\/07\/b21-image-three-100x100.jpg 100w, https:\/\/steelmax.com\/wp-content\/uploads\/2015\/07\/b21-image-three-128x128.jpg 128w, https:\/\/steelmax.com\/wp-content\/uploads\/2015\/07\/b21-image-three-151x151.jpg 151w, https:\/\/steelmax.com\/wp-content\/uploads\/2015\/07\/b21-image-three-275x275.jpg 275w, https:\/\/steelmax.com\/wp-content\/uploads\/2015\/07\/b21-image-three-500x500.jpg 500w, https:\/\/steelmax.com\/wp-content\/uploads\/2015\/07\/b21-image-three.jpg 600w\" sizes=\"(max-width: 600px) 100vw, 600px\" \/><\/div><\/a><div class=\"prod_content\"><h3 class=\"product-title\"><a class=\"title\" href=\"https:\/\/steelmax.com\/pt\/produto\/bm21-portable-beveling-machine\/\">M\u00e1quina de biselamento port\u00e1til BM21<\/a><\/h3><ul>\r\n \t<li>Cabe\u00e7ote de fresamento \u00fanico usando 10 pastilhas de metal duro intercambi\u00e1veis produz chanfros prontos para soldagem com rapidez e efici\u00eancia com baixo esfor\u00e7o do operador<\/li>\r\n \t<li>Troca de pastilhas r\u00e1pida e f\u00e1cil, sem necessidade de ajustes especiais<\/li>\r\n \t<li>Faixa de trabalho de 0 a 60 graus com ajuste de \u00e2ngulo cont\u00ednuo<\/li>\r\n \t<li>\u00c2ngulo de chanfro simples e configura\u00e7\u00e3o de largura de chanfro<\/li>\r\n<\/ul><p class=\"read_more\"><a class=\"sm_button blue\" href=\"https:\/\/steelmax.com\/pt\/produto\/bm21-portable-beveling-machine\/\">CONSULTE MAIS INFORMA\u00c7\u00c3O<\/a><\/p><\/div><\/div><div class=\"post-4566 product\"><a class=\"image\" href=\"https:\/\/steelmax.com\/pt\/produto\/bm21-ss-portable-beveling-machine-for-stainless-steel\/\"><div class=\"crossfade-images\"><img decoding=\"async\" width=\"576\" height=\"616\" src=\"https:\/\/steelmax.com\/wp-content\/uploads\/2017\/06\/BM21-SS-Portable-Beveling.jpg\" class=\"attachment-post-thumbnail size-post-thumbnail wp-post-image\" alt=\"BM21 SS Portable Beveling Machine for Stainless Steel\" srcset=\"https:\/\/steelmax.com\/wp-content\/uploads\/2017\/06\/BM21-SS-Portable-Beveling-151x161.jpg 151w, https:\/\/steelmax.com\/wp-content\/uploads\/2017\/06\/BM21-SS-Portable-Beveling-274x293.jpg 274w, https:\/\/steelmax.com\/wp-content\/uploads\/2017\/06\/BM21-SS-Portable-Beveling-275x294.jpg 275w, https:\/\/steelmax.com\/wp-content\/uploads\/2017\/06\/BM21-SS-Portable-Beveling-450x481.jpg 450w, https:\/\/steelmax.com\/wp-content\/uploads\/2017\/06\/BM21-SS-Portable-Beveling.jpg 576w\" sizes=\"(max-width: 576px) 100vw, 576px\" \/><\/div><\/a><div class=\"prod_content\"><h3 class=\"product-title\"><a class=\"title\" href=\"https:\/\/steelmax.com\/pt\/produto\/bm21-ss-portable-beveling-machine-for-stainless-steel\/\">M\u00e1quina de chanfradura port\u00e1til SS BM21 para a\u00e7o inoxid\u00e1vel<\/a><\/h3><ul>\r\n \t<li>Todas as superf\u00edcies de contato de a\u00e7o inoxid\u00e1vel para eliminar a contamina\u00e7\u00e3o de carbono<\/li>\r\n \t<li>Cabe\u00e7ote de fresamento \u00fanico usando 10 pastilhas de metal duro intercambi\u00e1veis produz chanfros prontos para soldagem com rapidez e efici\u00eancia com baixo esfor\u00e7o do operador<\/li>\r\n \t<li>Troca de pastilhas r\u00e1pida e f\u00e1cil, sem necessidade de ajustes especiais<\/li>\r\n \t<li>Faixa de trabalho de 0 a 60 graus com ajuste de \u00e2ngulo cont\u00ednuo<\/li>\r\n<\/ul><p class=\"read_more\"><a class=\"sm_button blue\" href=\"https:\/\/steelmax.com\/pt\/produto\/bm21-ss-portable-beveling-machine-for-stainless-steel\/\">CONSULTE MAIS INFORMA\u00c7\u00c3O<\/a><\/p><\/div><\/div><\/div>","protected":false},"excerpt":{"rendered":"<p>Manual Plate Bevelers The Welding Shop of the 21st Century  [&#8230;]<\/p>\n","protected":false},"author":39,"featured_media":0,"parent":4890,"menu_order":0,"comment_status":"closed","ping_status":"closed","template":"","meta":{"_acf_changed":false,"content-type":"","footnotes":""},"class_list":["post-5027","page","type-page","status-publish","hentry"],"acf":[],"aioseo_notices":[],"_links":{"self":[{"href":"https:\/\/steelmax.com\/pt\/wp-json\/wp\/v2\/pages\/5027","targetHints":{"allow":["GET"]}}],"collection":[{"href":"https:\/\/steelmax.com\/pt\/wp-json\/wp\/v2\/pages"}],"about":[{"href":"https:\/\/steelmax.com\/pt\/wp-json\/wp\/v2\/types\/page"}],"author":[{"embeddable":true,"href":"https:\/\/steelmax.com\/pt\/wp-json\/wp\/v2\/users\/39"}],"replies":[{"embeddable":true,"href":"https:\/\/steelmax.com\/pt\/wp-json\/wp\/v2\/comments?post=5027"}],"version-history":[{"count":0,"href":"https:\/\/steelmax.com\/pt\/wp-json\/wp\/v2\/pages\/5027\/revisions"}],"up":[{"embeddable":true,"href":"https:\/\/steelmax.com\/pt\/wp-json\/wp\/v2\/pages\/4890"}],"wp:attachment":[{"href":"https:\/\/steelmax.com\/pt\/wp-json\/wp\/v2\/media?parent=5027"}],"curies":[{"name":"wp","href":"https:\/\/api.w.org\/{rel}","templated":true}]}}