{"id":4890,"date":"2018-02-20T23:17:16","date_gmt":"2018-02-21T04:17:16","guid":{"rendered":"https:\/\/www.steelmax.com\/?page_id=4890"},"modified":"2026-02-26T04:50:59","modified_gmt":"2026-02-26T11:50:59","slug":"plate-bevelers-new-layout","status":"publish","type":"page","link":"https:\/\/steelmax.com\/pt\/plate-pipe-beveling-solutions\/plate-bevelers-new-layout\/","title":{"rendered":"Chanfradores de placa"},"content":{"rendered":"<p><div class=\"fusion-fullwidth fullwidth-box fusion-builder-row-1 nonhundred-percent-fullwidth non-hundred-percent-height-scrolling\" style=\"--awb-border-radius-top-left:0px;--awb-border-radius-top-right:0px;--awb-border-radius-bottom-right:0px;--awb-border-radius-bottom-left:0px;--awb-flex-wrap:wrap;\" ><div class=\"fusion-builder-row fusion-row\"><div class=\"fusion-layout-column fusion_builder_column fusion-builder-column-0 fusion_builder_column_1_1 1_1 fusion-one-full fusion-column-first fusion-column-last\" style=\"--awb-bg-size:cover;--awb-margin-bottom:0px;\"><div class=\"fusion-column-wrapper fusion-flex-column-wrapper-legacy\"><div class=\"fusion-text fusion-text-1\"><h1 class=\"section-name\"><strong>Chanfradores de placa<\/strong><\/h1>\n<p>A Steelmax oferece uma linha completa de solu\u00e7\u00f5es de biselamento de chapas para atender at\u00e9 mesmo aos requisitos mais exigentes de fabrica\u00e7\u00e3o de a\u00e7o. Desde m\u00e1quinas manuais e port\u00e1teis at\u00e9 grandes m\u00e1quinas autom\u00e1ticas, a Steelmax tem o que voc\u00ea precisa!<\/p>\n<p>A Oficina de Soldagem dos 21<sup>st<\/sup> A Century tem \u00e0 sua disposi\u00e7\u00e3o muitas novas tecnologias inovadoras para melhorar a produtividade. Os avan\u00e7os no controle de processos, na automa\u00e7\u00e3o, nos metais de adi\u00e7\u00e3o e nos gases de prote\u00e7\u00e3o ocorreram em ritmo acelerado. A implementa\u00e7\u00e3o desses avan\u00e7os pode levar a uma economia significativa de custos, \u00e0 melhoria da qualidade e \u00e0 redu\u00e7\u00e3o do retrabalho em muitas oficinas. No entanto, \u00e9 muito importante lembrar que, mesmo com esses avan\u00e7os, os fundamentos b\u00e1sicos de soldagem ainda s\u00e3o essenciais para uma opera\u00e7\u00e3o bem-sucedida. Um fundamento extremamente cr\u00edtico \u00e9 o chanfro, e n\u00f3s temos as melhores m\u00e1quinas do setor para todos os desafios que o chanfro de a\u00e7o pode apresentar.<\/p>\n<\/div><div class=\"fusion-clearfix\"><\/div><\/div><\/div><\/div><\/div><div class=\"fusion-fullwidth fullwidth-box fusion-builder-row-2 nonhundred-percent-fullwidth non-hundred-percent-height-scrolling fusion-equal-height-columns\" style=\"--awb-border-radius-top-left:0px;--awb-border-radius-top-right:0px;--awb-border-radius-bottom-right:0px;--awb-border-radius-bottom-left:0px;--awb-flex-wrap:wrap;\" ><div class=\"fusion-builder-row fusion-row\"><div class=\"fusion-layout-column fusion_builder_column fusion-builder-column-1 fusion_builder_column_1_1 1_1 fusion-one-full fusion-column-first fusion-column-last\" style=\"--awb-bg-size:cover;\"><div class=\"fusion-column-wrapper fusion-flex-column-wrapper-legacy\"><div class=\"fusion-column-content-centered\"><div class=\"fusion-column-content\"><div class=\"fusion-builder-row fusion-builder-row-inner fusion-row\"><div class=\"fusion-layout-column fusion_builder_column_inner fusion-builder-nested-column-0 fusion_builder_column_inner_1_2 1_2 fusion-one-half fusion-column-first\" style=\"--awb-bg-size:cover;width:50%;width:calc(50% - ( ( 4% ) * 0.5 ) );margin-right: 4%;\"><div class=\"fusion-column-wrapper fusion-flex-column-wrapper-legacy\"><div class=\"fusion-column-content-centered\"><div class=\"fusion-column-content\"><div class=\"fusion-image-element fusion-image-align-center in-legacy-container\" style=\"text-align:center;--awb-max-width:object-fit: contain; width: 330px; height: 330px;;--awb-caption-title-font-family:var(--h2_typography-font-family);--awb-caption-title-font-weight:var(--h2_typography-font-weight);--awb-caption-title-font-style:var(--h2_typography-font-style);--awb-caption-title-size:var(--h2_typography-font-size);--awb-caption-title-transform:var(--h2_typography-text-transform);--awb-caption-title-line-height:var(--h2_typography-line-height);--awb-caption-title-letter-spacing:var(--h2_typography-letter-spacing);\"><div class=\"imageframe-align-center\"><span class=\"fusion-imageframe imageframe-none imageframe-1 hover-type-zoomin\"><a class=\"fusion-no-lightbox\" href=\"https:\/\/steelmax.com\/pt\/plate-pipe-beveling-solutions\/plate-bevelers-new-layout\/automatic-plate-bevelers\/\" target=\"_self\" aria-label=\"M\u00e1quina de chanfrar estacion\u00e1ria SBM 500 - Principal\"><img decoding=\"async\" width=\"1100\" height=\"1304\" alt=\"SBM 500 Stationary Beveling Machine\" src=\"https:\/\/steelmax.com\/wp-content\/uploads\/2017\/08\/SBM-500-Main-1100x1304.png\" class=\"img-responsive wp-image-4727\"\/><\/a><\/span><\/div><\/div><div class=\"fusion-text fusion-text-2\"><h2 style=\"text-align: center;\"><strong>Biseladoras de placas autom\u00e1ticas<\/strong><\/h2>\n<\/div><div class=\"fusion-aligncenter\"><a class=\"fusion-button button-flat fusion-button-default-size button-default fusion-button-default button-1 fusion-button-default-span fusion-button-default-type\" target=\"_self\" href=\"https:\/\/steelmax.com\/pt\/plate-pipe-beveling-solutions\/plate-bevelers-new-layout\/automatic-plate-bevelers\/\"><span class=\"fusion-button-text\">Ver produtos<\/span><\/a><\/div><\/div><\/div><div class=\"fusion-clearfix\"><\/div><\/div><\/div><div class=\"fusion-layout-column fusion_builder_column_inner fusion-builder-nested-column-1 fusion_builder_column_inner_1_2 1_2 fusion-one-half fusion-column-last\" style=\"--awb-bg-size:cover;width:50%;width:calc(50% - ( ( 4% ) * 0.5 ) );\"><div class=\"fusion-column-wrapper fusion-flex-column-wrapper-legacy\"><div class=\"fusion-column-content-centered\"><div class=\"fusion-column-content\"><div class=\"fusion-image-element fusion-image-align-center in-legacy-container\" style=\"text-align:center;--awb-max-width:object-fit: contain; width: 330px; height: 330px;;--awb-caption-title-font-family:var(--h2_typography-font-family);--awb-caption-title-font-weight:var(--h2_typography-font-weight);--awb-caption-title-font-style:var(--h2_typography-font-style);--awb-caption-title-size:var(--h2_typography-font-size);--awb-caption-title-transform:var(--h2_typography-text-transform);--awb-caption-title-line-height:var(--h2_typography-line-height);--awb-caption-title-letter-spacing:var(--h2_typography-letter-spacing);\"><div class=\"imageframe-align-center\"><span class=\"fusion-imageframe imageframe-none imageframe-2 hover-type-zoomin\"><a class=\"fusion-no-lightbox\" href=\"https:\/\/steelmax.com\/pt\/plate-pipe-beveling-solutions\/plate-bevelers-new-layout\/manual-plate-bevelers\/\" target=\"_self\" aria-label=\"BM_7 Steelmax\"><img decoding=\"async\" width=\"1100\" height=\"1006\" alt=\"bm7 compact plate and pipe beveling machine\" src=\"https:\/\/steelmax.com\/wp-content\/uploads\/2018\/04\/BM_7-Steelmax-1100x1006.png\" class=\"img-responsive wp-image-13891\" srcset=\"https:\/\/steelmax.com\/wp-content\/uploads\/2018\/04\/BM_7-Steelmax-200x183.png 200w, https:\/\/steelmax.com\/wp-content\/uploads\/2018\/04\/BM_7-Steelmax-400x366.png 400w, https:\/\/steelmax.com\/wp-content\/uploads\/2018\/04\/BM_7-Steelmax-600x549.png 600w, https:\/\/steelmax.com\/wp-content\/uploads\/2018\/04\/BM_7-Steelmax-800x732.png 800w, https:\/\/steelmax.com\/wp-content\/uploads\/2018\/04\/BM_7-Steelmax-1200x1098.png 1200w\" sizes=\"(max-width: 1000px) 100vw, 800px\" \/><\/a><\/span><\/div><\/div><div class=\"fusion-text fusion-text-3\"><h2 style=\"text-align: center;\"><strong>Chanfradores de placa manuais<\/strong><\/h2>\n<\/div><div class=\"fusion-aligncenter\"><a class=\"fusion-button button-flat fusion-button-default-size button-default fusion-button-default button-2 fusion-button-default-span fusion-button-default-type\" target=\"_self\" href=\"https:\/\/steelmax.com\/pt\/plate-pipe-beveling-solutions\/plate-bevelers-new-layout\/manual-plate-bevelers\/\"><span class=\"fusion-button-text\">Ver produtos<\/span><\/a><\/div><\/div><\/div><div class=\"fusion-clearfix\"><\/div><\/div><\/div><\/div><\/div><\/div><div class=\"fusion-clearfix\"><\/div><\/div><\/div><\/div><\/div><\/p>","protected":false},"excerpt":{"rendered":"","protected":false},"author":39,"featured_media":0,"parent":4907,"menu_order":0,"comment_status":"closed","ping_status":"closed","template":"","meta":{"_acf_changed":false,"content-type":"","footnotes":""},"class_list":["post-4890","page","type-page","status-publish","hentry"],"acf":[],"aioseo_notices":[],"_links":{"self":[{"href":"https:\/\/steelmax.com\/pt\/wp-json\/wp\/v2\/pages\/4890","targetHints":{"allow":["GET"]}}],"collection":[{"href":"https:\/\/steelmax.com\/pt\/wp-json\/wp\/v2\/pages"}],"about":[{"href":"https:\/\/steelmax.com\/pt\/wp-json\/wp\/v2\/types\/page"}],"author":[{"embeddable":true,"href":"https:\/\/steelmax.com\/pt\/wp-json\/wp\/v2\/users\/39"}],"replies":[{"embeddable":true,"href":"https:\/\/steelmax.com\/pt\/wp-json\/wp\/v2\/comments?post=4890"}],"version-history":[{"count":2,"href":"https:\/\/steelmax.com\/pt\/wp-json\/wp\/v2\/pages\/4890\/revisions"}],"predecessor-version":[{"id":14004,"href":"https:\/\/steelmax.com\/pt\/wp-json\/wp\/v2\/pages\/4890\/revisions\/14004"}],"up":[{"embeddable":true,"href":"https:\/\/steelmax.com\/pt\/wp-json\/wp\/v2\/pages\/4907"}],"wp:attachment":[{"href":"https:\/\/steelmax.com\/pt\/wp-json\/wp\/v2\/media?parent=4890"}],"curies":[{"name":"wp","href":"https:\/\/api.w.org\/{rel}","templated":true}]}}