{"id":11558,"date":"2022-12-02T09:27:11","date_gmt":"2022-12-02T16:27:11","guid":{"rendered":"https:\/\/steelmax.com\/?post_type=product&#038;p=11558"},"modified":"2026-03-19T01:14:37","modified_gmt":"2026-03-19T07:14:37","slug":"d1-prox-portable-mag-drill","status":"publish","type":"product","link":"https:\/\/steelmax.com\/fr\/produit\/d1-prox-portable-mag-drill\/","title":{"rendered":"D1 PRO X Portable Mag Drill"},"content":{"rendered":"<ul>\n<li>Jusqu'\u00e0 1-9\/16\u2033 de diam\u00e8tre et 2\u201d de profondeur de coupe<\/li>\n<li>6\u2033 Course<\/li>\n<li>Contr\u00f4le d'adh\u00e9rence par force magn\u00e9tique (MPAC)<\/li>\n<li>Contr\u00f4le de la forme du champ magn\u00e9tique (MFSC)<\/li>\n<li>Base d'\u00e9conomie d'\u00e9nergie (ESB)<\/li>\n<li>C\u00e2ble moteur avec capot de protection<\/li>\n<li>Capacit\u00e9 de coupe in\u00e9gal\u00e9e pour la cat\u00e9gorie de poids<\/li>\n<\/ul>","protected":false},"excerpt":{"rendered":"<p>La Steelmax D1 PRO X est une perceuse magn\u00e9tique extr\u00eamement durable, rigoureusement construite et sp\u00e9cialement con\u00e7ue pour la long\u00e9vit\u00e9. Le moteur de 440 tours\/minute (sous charge) permet une utilisation optimale avec les fraises annulaires HSS et TCT.  L\u00e9g\u00e8re, compacte et portable, cette perceuse magn\u00e9tique est dot\u00e9e d'un puissant moteur de 1100 watts capable de percer avec des fraises annulaires des trous d'un diam\u00e8tre allant jusqu'\u00e0 1-9\/16\u2033 (40 mm) \u00e0 travers des mat\u00e9riaux d'une \u00e9paisseur de 2\u2033 (50 mm). Le mandrin optionnel peut \u00eatre utilis\u00e9 avec des forets pleins et h\u00e9lico\u00efdaux jusqu'\u00e0 5\/8\u2033 (16 mm) de diam\u00e8tre et la grande course permet d'utiliser facilement des fraises plus longues. Le corps de la perceuse a \u00e9t\u00e9 modernis\u00e9 avec une rigidit\u00e9 accrue, ainsi que le bo\u00eetier de la bo\u00eete de vitesses et les nervures.<\/p>\n<p>Le D1 PRO X est \u00e9quip\u00e9 de la technologie \u00e9lectromagn\u00e9tique la plus avanc\u00e9e. En n'utilisant que la puissance 50% lorsque le moteur n'est pas en charge, la base d'\u00e9conomie d'\u00e9nergie (ESB) r\u00e9duit l'accumulation excessive de chaleur et augmente consid\u00e9rablement la dur\u00e9e de vie de l'\u00e9lectro-aimant. Notre syst\u00e8me de contr\u00f4le de la forme du champ magn\u00e9tique (MFSC) offre une puissance de maintien maximale sur les mat\u00e9riaux fins. Le module int\u00e9gr\u00e9 de contr\u00f4le de l'adh\u00e9rence de la puissance magn\u00e9tique (MPAC) d\u00e9tecte la force d'adh\u00e9rence de la base \u00e9lectromagn\u00e9tique et emp\u00eache l'activation de la perceuse lorsque la puissance d'adh\u00e9rence est insuffisante, prot\u00e9geant ainsi \u00e0 la fois la machine et l'op\u00e9rateur.<\/p>\n<p>CARACT\u00c9RISTIQUES<\/p>\n<ul>\n<li>Jusqu'\u00e0 1-9\/16\u2033 de diam\u00e8tre et 2\u201d de profondeur de coupe<\/li>\n<li>Course de 6\u2033.<\/li>\n<li>Contr\u00f4le d'adh\u00e9rence par force magn\u00e9tique (MPAC)<\/li>\n<li>Contr\u00f4le de la forme du champ magn\u00e9tique (MFSC)<\/li>\n<li>Base d'\u00e9conomie d'\u00e9nergie (ESB)<\/li>\n<li>Livr\u00e9 avec bouclier anti-gravillons et bouteille de liquide de refroidissement<\/li>\n<li>Capacit\u00e9 de coupe in\u00e9gal\u00e9e dans la cat\u00e9gorie de poids<\/li>\n<\/ul>\n<div class=\"product-detail-wrapper\">\n<div class=\"product-detail\">\n<div class=\"product-detail-img\"><img decoding=\"async\" class=\"img-fluid\"\n                                src=\"https:\/\/steelmax.com\/wp-content\/uploads\/2026\/03\/Shield-01.png\"\n                                alt=\"product-detail-icon\">\n                <\/div>\n<p> Garantie du fabricant\n                <\/p>\n<\/p><\/div>\n<div class=\"product-detail\">\n<div class=\"product-detail-img\"><img decoding=\"async\" class=\"img-fluid\"\n                                src=\"https:\/\/steelmax.com\/wp-content\/uploads\/2026\/03\/call-02.png\"\n                                alt=\"product-detail-icon\">\n                <\/div>\n<p>Assistance gratuite\n                <\/p>\n<\/p><\/div>\n<div class=\"product-detail\">\n<div class=\"product-detail-img\"><img decoding=\"async\" class=\"img-fluid\"\n                                src=\"https:\/\/steelmax.com\/wp-content\/uploads\/2026\/03\/return-02.png\"\n                                alt=\"product-detail-icon\">\n                <\/div>\n<p> Retour sous 30 jours\n                <\/p>\n<\/p><\/div>\n<\/div>","protected":false},"featured_media":11559,"template":"","meta":{"_acf_changed":false,"content-type":""},"product_brand":[],"product_cat":[255,202,218],"product_tag":[],"class_list":{"0":"post-11558","1":"product","2":"type-product","3":"status-publish","4":"has-post-thumbnail","6":"product_cat-industrial-mag-drills","7":"product_cat-drilling-and-punching-machines","8":"product_cat-magnetic-drilling-machines","10":"first","11":"instock","12":"taxable","13":"shipping-taxable","14":"purchasable","15":"product-type-simple"},"acf":[],"aioseo_notices":[],"_links":{"self":[{"href":"https:\/\/steelmax.com\/fr\/wp-json\/wp\/v2\/product\/11558","targetHints":{"allow":["GET"]}}],"collection":[{"href":"https:\/\/steelmax.com\/fr\/wp-json\/wp\/v2\/product"}],"about":[{"href":"https:\/\/steelmax.com\/fr\/wp-json\/wp\/v2\/types\/product"}],"wp:featuredmedia":[{"embeddable":true,"href":"https:\/\/steelmax.com\/fr\/wp-json\/wp\/v2\/media\/11559"}],"wp:attachment":[{"href":"https:\/\/steelmax.com\/fr\/wp-json\/wp\/v2\/media?parent=11558"}],"wp:term":[{"taxonomy":"product_brand","embeddable":true,"href":"https:\/\/steelmax.com\/fr\/wp-json\/wp\/v2\/product_brand?post=11558"},{"taxonomy":"product_cat","embeddable":true,"href":"https:\/\/steelmax.com\/fr\/wp-json\/wp\/v2\/product_cat?post=11558"},{"taxonomy":"product_tag","embeddable":true,"href":"https:\/\/steelmax.com\/fr\/wp-json\/wp\/v2\/product_tag?post=11558"}],"curies":[{"name":"wp","href":"https:\/\/api.w.org\/{rel}","templated":true}]}}