{"id":5029,"date":"2018-04-10T01:05:24","date_gmt":"2018-04-10T06:05:24","guid":{"rendered":"https:\/\/www.steelmax.com\/?page_id=5029"},"modified":"2019-05-31T12:57:54","modified_gmt":"2019-05-31T17:57:54","slug":"automatic-plate-bevelers","status":"publish","type":"page","link":"https:\/\/steelmax.com\/fr\/plate-pipe-beveling-solutions\/plate-bevelers-new-layout\/automatic-plate-bevelers\/","title":{"rendered":"Biseauteuses automatiques de plaques"},"content":{"rendered":"<h1 class=\"section-name\"><strong>Biseauteuses automatiques de plaques<\/strong><\/h1>\n<p>L'atelier de soudure du 21<sup>st<\/sup> Century dispose de nombreuses technologies innovantes pour am\u00e9liorer la productivit\u00e9. Les progr\u00e8s en mati\u00e8re de contr\u00f4le des processus, d'automatisation, de m\u00e9taux d'apport et de gaz de protection se sont succ\u00e9d\u00e9 \u00e0 un rythme rapide. La mise en \u0153uvre de ces progr\u00e8s peut entra\u00eener des \u00e9conomies significatives, une am\u00e9lioration de la qualit\u00e9 et une r\u00e9duction des reprises dans de nombreux ateliers. Il est toutefois tr\u00e8s important de se rappeler que, m\u00eame avec ces progr\u00e8s, les principes de base du soudage restent essentiels \u00e0 la r\u00e9ussite de l'op\u00e9ration.<\/p>\n<p>Steelmax propose une gamme compl\u00e8te de solutions de chanfreinage de plaques et de tuyaux pour r\u00e9pondre aux besoins les plus exigeants en mati\u00e8re de fabrication d'acier. Des machines manuelles aux grandes machines automatiques, Steelmax a tout ce qu'il vous faut !<\/p>\n<p>&nbsp;<\/p>\n<div class=\"steel_cat\"><div class=\"post-14182 product\"><a class=\"image\" href=\"https:\/\/steelmax.com\/fr\/produit\/abm-50-dd-vario\/\"><div class=\"crossfade-images\"><img decoding=\"async\" width=\"1400\" height=\"2134\" src=\"https:\/\/steelmax.com\/wp-content\/uploads\/2025\/05\/ABM-50-DD-Vario-profile-Steelmax-Version-Web.png\" class=\"attachment-post-thumbnail size-post-thumbnail wp-post-image\" alt=\"Industrial Beveling Machine\" srcset=\"https:\/\/steelmax.com\/wp-content\/uploads\/2025\/05\/ABM-50-DD-Vario-profile-Steelmax-Version-Web-8x12.png 8w, https:\/\/steelmax.com\/wp-content\/uploads\/2025\/05\/ABM-50-DD-Vario-profile-Steelmax-Version-Web-200x305.png 200w, https:\/\/steelmax.com\/wp-content\/uploads\/2025\/05\/ABM-50-DD-Vario-profile-Steelmax-Version-Web-400x610.png 400w, https:\/\/steelmax.com\/wp-content\/uploads\/2025\/05\/ABM-50-DD-Vario-profile-Steelmax-Version-Web-600x915.png 600w, https:\/\/steelmax.com\/wp-content\/uploads\/2025\/05\/ABM-50-DD-Vario-profile-Steelmax-Version-Web-700x1067.png 700w, https:\/\/steelmax.com\/wp-content\/uploads\/2025\/05\/ABM-50-DD-Vario-profile-Steelmax-Version-Web-768x1171.png 768w, https:\/\/steelmax.com\/wp-content\/uploads\/2025\/05\/ABM-50-DD-Vario-profile-Steelmax-Version-Web-800x1219.png 800w, https:\/\/steelmax.com\/wp-content\/uploads\/2025\/05\/ABM-50-DD-Vario-profile-Steelmax-Version-Web-1008x1536.png 1008w, https:\/\/steelmax.com\/wp-content\/uploads\/2025\/05\/ABM-50-DD-Vario-profile-Steelmax-Version-Web-1100x1677.png 1100w, https:\/\/steelmax.com\/wp-content\/uploads\/2025\/05\/ABM-50-DD-Vario-profile-Steelmax-Version-Web-1200x1829.png 1200w, https:\/\/steelmax.com\/wp-content\/uploads\/2025\/05\/ABM-50-DD-Vario-profile-Steelmax-Version-Web-1344x2048.png 1344w, https:\/\/steelmax.com\/wp-content\/uploads\/2025\/05\/ABM-50-DD-Vario-profile-Steelmax-Version-Web.png 1400w\" sizes=\"(max-width: 1400px) 100vw, 1400px\" \/><\/div><\/a><div class=\"prod_content\"><h3 class=\"product-title\"><a class=\"title\" href=\"https:\/\/steelmax.com\/fr\/produit\/abm-50-dd-vario\/\">ABM 50 DD VS - Chanfreineuse \u00e0 plaque \u00e0 alimentation automatique<\/a><\/h3><p class=\"read_more\"><a class=\"sm_button blue\" href=\"https:\/\/steelmax.com\/fr\/produit\/abm-50-dd-vario\/\">LIRE LA SUITE<\/a><\/p><\/div><\/div><div class=\"post-14100 product\"><a class=\"image\" href=\"https:\/\/steelmax.com\/fr\/produit\/bm-25-stainless-portable-plate-beveling-machine\/\"><div class=\"crossfade-images\"><img decoding=\"async\" width=\"1800\" height=\"1534\" src=\"https:\/\/steelmax.com\/wp-content\/uploads\/2025\/05\/BM-25S-steelmax-Web.png\" class=\"attachment-post-thumbnail size-post-thumbnail wp-post-image\" alt=\"handheld electric plate beveling machine\" srcset=\"https:\/\/steelmax.com\/wp-content\/uploads\/2025\/05\/BM-25S-steelmax-Web-14x12.png 14w, https:\/\/steelmax.com\/wp-content\/uploads\/2025\/05\/BM-25S-steelmax-Web-200x170.png 200w, https:\/\/steelmax.com\/wp-content\/uploads\/2025\/05\/BM-25S-steelmax-Web-400x341.png 400w, https:\/\/steelmax.com\/wp-content\/uploads\/2025\/05\/BM-25S-steelmax-Web-600x511.png 600w, https:\/\/steelmax.com\/wp-content\/uploads\/2025\/05\/BM-25S-steelmax-Web-700x597.png 700w, https:\/\/steelmax.com\/wp-content\/uploads\/2025\/05\/BM-25S-steelmax-Web-768x655.png 768w, https:\/\/steelmax.com\/wp-content\/uploads\/2025\/05\/BM-25S-steelmax-Web-800x682.png 800w, https:\/\/steelmax.com\/wp-content\/uploads\/2025\/05\/BM-25S-steelmax-Web-1100x937.png 1100w, https:\/\/steelmax.com\/wp-content\/uploads\/2025\/05\/BM-25S-steelmax-Web-1200x1023.png 1200w, https:\/\/steelmax.com\/wp-content\/uploads\/2025\/05\/BM-25S-steelmax-Web-1536x1309.png 1536w, https:\/\/steelmax.com\/wp-content\/uploads\/2025\/05\/BM-25S-steelmax-Web.png 1800w\" sizes=\"(max-width: 1800px) 100vw, 1800px\" \/><\/div><\/a><div class=\"prod_content\"><h3 class=\"product-title\"><a class=\"title\" href=\"https:\/\/steelmax.com\/fr\/produit\/bm-25-stainless-portable-plate-beveling-machine\/\">BM-25S Machine \u00e0 biseauter les plaques en acier inoxydable<\/a><\/h3><ul>\r\n \t<li>R\u00e9glage continu de la largeur du biseau de 0 \u00e0 90 degr\u00e9s<\/li>\r\n \t<li>Le jeu de guides et les rouleaux en acier inoxydable peuvent \u00eatre tourn\u00e9s \u00e0 360 degr\u00e9s.<\/li>\r\n \t<li>Les plaques de guidage de pr\u00e9cision garantissent des performances de coupe pr\u00e9cises et r\u00e9p\u00e9tables.<\/li>\r\n \t<li>Protection contre la surcharge du moteur<\/li>\r\n \t<li>Vitesse variable de la broche<\/li>\r\n \t<li>Moteur puissant de 2200 w<\/li>\r\n \t<li>1\u201d(25) mm biseau maximum<\/li>\r\n \t<li>Poign\u00e9e r\u00e9glable pour une utilisation ergonomique<\/li>\r\n<\/ul><p class=\"read_more\"><a class=\"sm_button blue\" href=\"https:\/\/steelmax.com\/fr\/produit\/bm-25-stainless-portable-plate-beveling-machine\/\">LIRE LA SUITE<\/a><\/p><\/div><\/div><div class=\"post-13419 product\"><a class=\"image\" href=\"https:\/\/steelmax.com\/fr\/produit\/abm-29-double-sided-industrial-beveling-machine\/\"><div class=\"crossfade-images\"><img decoding=\"async\" width=\"1680\" height=\"1680\" src=\"https:\/\/steelmax.com\/wp-content\/uploads\/2024\/07\/ABM-29-SteelmaxWeb.png\" class=\"attachment-post-thumbnail size-post-thumbnail wp-post-image\" alt=\"mobile industrial metal cutting machine on wheeled frame\" srcset=\"https:\/\/steelmax.com\/wp-content\/uploads\/2024\/07\/ABM-29-SteelmaxWeb-12x12.png 12w, https:\/\/steelmax.com\/wp-content\/uploads\/2024\/07\/ABM-29-SteelmaxWeb-66x66.png 66w, https:\/\/steelmax.com\/wp-content\/uploads\/2024\/07\/ABM-29-SteelmaxWeb-100x100.png 100w, https:\/\/steelmax.com\/wp-content\/uploads\/2024\/07\/ABM-29-SteelmaxWeb-200x200.png 200w, https:\/\/steelmax.com\/wp-content\/uploads\/2024\/07\/ABM-29-SteelmaxWeb-400x400.png 400w, https:\/\/steelmax.com\/wp-content\/uploads\/2024\/07\/ABM-29-SteelmaxWeb-500x500.png 500w, https:\/\/steelmax.com\/wp-content\/uploads\/2024\/07\/ABM-29-SteelmaxWeb-600x600.png 600w, https:\/\/steelmax.com\/wp-content\/uploads\/2024\/07\/ABM-29-SteelmaxWeb-700x700.png 700w, https:\/\/steelmax.com\/wp-content\/uploads\/2024\/07\/ABM-29-SteelmaxWeb-768x768.png 768w, https:\/\/steelmax.com\/wp-content\/uploads\/2024\/07\/ABM-29-SteelmaxWeb-800x800.png 800w, https:\/\/steelmax.com\/wp-content\/uploads\/2024\/07\/ABM-29-SteelmaxWeb-1100x1100.png 1100w, https:\/\/steelmax.com\/wp-content\/uploads\/2024\/07\/ABM-29-SteelmaxWeb-1200x1200.png 1200w, https:\/\/steelmax.com\/wp-content\/uploads\/2024\/07\/ABM-29-SteelmaxWeb-1536x1536.png 1536w, https:\/\/steelmax.com\/wp-content\/uploads\/2024\/07\/ABM-29-SteelmaxWeb.png 1680w\" sizes=\"(max-width: 1680px) 100vw, 1680px\" \/><\/div><\/a><div class=\"prod_content\"><h3 class=\"product-title\"><a class=\"title\" href=\"https:\/\/steelmax.com\/fr\/produit\/abm-29-double-sided-industrial-beveling-machine\/\">ABM 29 Machine \u00e0 biseauter les plaques et les tuyaux double face \u00e0 alimentation automatique<\/a><\/h3><h2>Caract\u00e9ristiques :<\/h2>\r\n<strong>Largeur du biseau<\/strong>: Permet d'obtenir jusqu'\u00e0 20 mm en un seul passage et jusqu'\u00e0 40 mm en plusieurs passages.\r\n<strong>Fraisage r\u00e9glable<\/strong>: R\u00e9glage continu de la hauteur de fraisage et de la largeur du biseau.\r\n<strong>Angle de biseau variable<\/strong>: R\u00e9glable entre 20 et 45 degr\u00e9s.\r\n<strong>Chariot int\u00e9gr\u00e9<\/strong>: Facilite le biseautage sup\u00e9rieur et inf\u00e9rieur avec un r\u00e9glage en hauteur de 27 \u00e0 39 pouces (685 \u00e0 1000 mm).\r\n<strong>Fonctionnement stationnaire<\/strong>: Convient \u00e0 l'usinage de petites pi\u00e8ces.\r\n<strong>Usinage de tuyaux<\/strong>: Capable d'usiner des tuyaux d'un diam\u00e8tre interne minimum de 6 pouces.\r\n<strong>Protection contre les surcharges<\/strong>: Assurer la s\u00e9curit\u00e9 des op\u00e9rations.\r\n<strong>Mode de d\u00e9placement en marche arri\u00e8re<\/strong>: Lib\u00e8re les outils bloqu\u00e9s.\r\n<strong>Fonctionnement \u00e0 faible bruit<\/strong>: Con\u00e7u pour fonctionner silencieusement.\r\n\r\n&nbsp;<p class=\"read_more\"><a class=\"sm_button blue\" href=\"https:\/\/steelmax.com\/fr\/produit\/abm-29-double-sided-industrial-beveling-machine\/\">LIRE LA SUITE<\/a><\/p><\/div><\/div><div class=\"post-13189 product\"><a class=\"image\" href=\"https:\/\/steelmax.com\/fr\/produit\/bm30-portable-weld-bead-shaver\/\"><div class=\"crossfade-images\"><img decoding=\"async\" width=\"2048\" height=\"1235\" src=\"https:\/\/steelmax.com\/wp-content\/uploads\/2024\/07\/BM-30-WBS-Web.png\" class=\"attachment-post-thumbnail size-post-thumbnail wp-post-image\" alt=\"portable pipe beveling tool with adjustable base\" srcset=\"https:\/\/steelmax.com\/wp-content\/uploads\/2024\/07\/BM-30-WBS-Web-18x12.png 18w, https:\/\/steelmax.com\/wp-content\/uploads\/2024\/07\/BM-30-WBS-Web-200x121.png 200w, https:\/\/steelmax.com\/wp-content\/uploads\/2024\/07\/BM-30-WBS-Web-400x241.png 400w, https:\/\/steelmax.com\/wp-content\/uploads\/2024\/07\/BM-30-WBS-Web-600x362.png 600w, https:\/\/steelmax.com\/wp-content\/uploads\/2024\/07\/BM-30-WBS-Web-700x422.png 700w, https:\/\/steelmax.com\/wp-content\/uploads\/2024\/07\/BM-30-WBS-Web-768x463.png 768w, https:\/\/steelmax.com\/wp-content\/uploads\/2024\/07\/BM-30-WBS-Web-800x483.png 800w, https:\/\/steelmax.com\/wp-content\/uploads\/2024\/07\/BM-30-WBS-Web-1100x664.png 1100w, https:\/\/steelmax.com\/wp-content\/uploads\/2024\/07\/BM-30-WBS-Web-1200x724.png 1200w, https:\/\/steelmax.com\/wp-content\/uploads\/2024\/07\/BM-30-WBS-Web-1536x926.png 1536w, https:\/\/steelmax.com\/wp-content\/uploads\/2024\/07\/BM-30-WBS-Web.png 2048w\" sizes=\"(max-width: 2048px) 100vw, 2048px\" \/><\/div><\/a><div class=\"prod_content\"><h3 class=\"product-title\"><a class=\"title\" href=\"https:\/\/steelmax.com\/fr\/produit\/bm30-portable-weld-bead-shaver\/\">BM-30 WBS Raboteuse de cordons de soudure portable<\/a><\/h3>- Fraisage des cordons de soudure jusqu'\u00e0 1\/2\u201d (11 mm) de haut et 1-3\/16\u201d (30 mm) de large\r\n- Contr\u00f4le \u00e9lectronique de la vitesse entre 1800 et 5850 tr\/min\r\n- Conception ergonomique pour un meilleur confort de travail\r\n- T\u00eate de fraisage avec 5 pi\u00e8ces de plaquettes de coupe indexables sur 2 faces\r\n- R\u00e9glage continu de la hauteur de fraisage\r\n- Protection contre les surcharges<p class=\"read_more\"><a class=\"sm_button blue\" href=\"https:\/\/steelmax.com\/fr\/produit\/bm30-portable-weld-bead-shaver\/\">LIRE LA SUITE<\/a><\/p><\/div><\/div><div class=\"post-12263 product\"><a class=\"image\" href=\"https:\/\/steelmax.com\/fr\/produit\/abm30-beveler\/\"><div class=\"crossfade-images\"><img decoding=\"async\" width=\"1590\" height=\"2400\" src=\"https:\/\/steelmax.com\/wp-content\/uploads\/2023\/08\/ABM-30-SteelmaxWEB.png\" class=\"attachment-post-thumbnail size-post-thumbnail wp-post-image\" alt=\"portable metal edge beveling machine\" srcset=\"https:\/\/steelmax.com\/wp-content\/uploads\/2023\/08\/ABM-30-SteelmaxWEB-8x12.png 8w, https:\/\/steelmax.com\/wp-content\/uploads\/2023\/08\/ABM-30-SteelmaxWEB-200x302.png 200w, https:\/\/steelmax.com\/wp-content\/uploads\/2023\/08\/ABM-30-SteelmaxWEB-400x604.png 400w, https:\/\/steelmax.com\/wp-content\/uploads\/2023\/08\/ABM-30-SteelmaxWEB-600x906.png 600w, https:\/\/steelmax.com\/wp-content\/uploads\/2023\/08\/ABM-30-SteelmaxWEB-700x1057.png 700w, https:\/\/steelmax.com\/wp-content\/uploads\/2023\/08\/ABM-30-SteelmaxWEB-768x1159.png 768w, https:\/\/steelmax.com\/wp-content\/uploads\/2023\/08\/ABM-30-SteelmaxWEB-800x1208.png 800w, https:\/\/steelmax.com\/wp-content\/uploads\/2023\/08\/ABM-30-SteelmaxWEB-1018x1536.png 1018w, https:\/\/steelmax.com\/wp-content\/uploads\/2023\/08\/ABM-30-SteelmaxWEB-1100x1660.png 1100w, https:\/\/steelmax.com\/wp-content\/uploads\/2023\/08\/ABM-30-SteelmaxWEB-1200x1811.png 1200w, https:\/\/steelmax.com\/wp-content\/uploads\/2023\/08\/ABM-30-SteelmaxWEB-1357x2048.png 1357w, https:\/\/steelmax.com\/wp-content\/uploads\/2023\/08\/ABM-30-SteelmaxWEB.png 1590w\" sizes=\"(max-width: 1590px) 100vw, 1590px\" \/><\/div><\/a><div class=\"prod_content\"><h3 class=\"product-title\"><a class=\"title\" href=\"https:\/\/steelmax.com\/fr\/produit\/abm30-beveler\/\">ABM 30 Machine automatique \u00e0 biseauter les plaques des deux c\u00f4t\u00e9s<\/a><\/h3>ABM-30 Machine \u00e0 biseauter (alimentation automatique)\r\n\r\n- Protection int\u00e9gr\u00e9e contre les surcharges\r\n- Machine \u00e0 biseauter portable qui peut \u00eatre facilement d\u00e9plac\u00e9e dans l'atelier\r\nl'atelier\r\n- Indication du sens d'avance\r\n- D\u00e9tection du mat\u00e9riau\r\n- Graphique \u00e0 barres pour l'illustration de la charge du moteur<p class=\"read_more\"><a class=\"sm_button blue\" href=\"https:\/\/steelmax.com\/fr\/produit\/abm30-beveler\/\">LIRE LA SUITE<\/a><\/p><\/div><\/div><div class=\"post-11826 product\"><a class=\"image\" href=\"https:\/\/steelmax.com\/fr\/produit\/bm25-portable-beveling-machine\/\"><div class=\"crossfade-images\"><img decoding=\"async\" width=\"1900\" height=\"1273\" src=\"https:\/\/steelmax.com\/wp-content\/uploads\/2023\/02\/BM-25-SteelmaxWEB.png\" class=\"attachment-post-thumbnail size-post-thumbnail wp-post-image\" alt=\"Steelmax Portable Automatic Beveling Machine\" srcset=\"https:\/\/steelmax.com\/wp-content\/uploads\/2023\/02\/BM-25-SteelmaxWEB-18x12.png 18w, https:\/\/steelmax.com\/wp-content\/uploads\/2023\/02\/BM-25-SteelmaxWEB-200x134.png 200w, https:\/\/steelmax.com\/wp-content\/uploads\/2023\/02\/BM-25-SteelmaxWEB-400x268.png 400w, https:\/\/steelmax.com\/wp-content\/uploads\/2023\/02\/BM-25-SteelmaxWEB-600x402.png 600w, https:\/\/steelmax.com\/wp-content\/uploads\/2023\/02\/BM-25-SteelmaxWEB-700x469.png 700w, https:\/\/steelmax.com\/wp-content\/uploads\/2023\/02\/BM-25-SteelmaxWEB-768x515.png 768w, https:\/\/steelmax.com\/wp-content\/uploads\/2023\/02\/BM-25-SteelmaxWEB-800x536.png 800w, https:\/\/steelmax.com\/wp-content\/uploads\/2023\/02\/BM-25-SteelmaxWEB-1100x737.png 1100w, https:\/\/steelmax.com\/wp-content\/uploads\/2023\/02\/BM-25-SteelmaxWEB-1200x804.png 1200w, https:\/\/steelmax.com\/wp-content\/uploads\/2023\/02\/BM-25-SteelmaxWEB-1536x1029.png 1536w, https:\/\/steelmax.com\/wp-content\/uploads\/2023\/02\/BM-25-SteelmaxWEB.png 1900w\" sizes=\"(max-width: 1900px) 100vw, 1900px\" \/><\/div><\/a><div class=\"prod_content\"><h3 class=\"product-title\"><a class=\"title\" href=\"https:\/\/steelmax.com\/fr\/produit\/bm25-portable-beveling-machine\/\">BM 25 Machine portable \u00e0 biseauter les plaques<\/a><\/h3><ul>\r\n \t<li>R\u00e9glage continu de la largeur du biseau de 0 \u00e0 90 degr\u00e9s<\/li>\r\n \t<li>Le jeu de guides \u00e0 rouleaux peut \u00eatre tourn\u00e9 \u00e0 360 degr\u00e9s.<\/li>\r\n \t<li>Les plaques de guidage de pr\u00e9cision garantissent des performances de coupe pr\u00e9cises et r\u00e9p\u00e9tables.<\/li>\r\n \t<li>Protection contre la surcharge du moteur<\/li>\r\n \t<li>Vitesse variable de la broche<\/li>\r\n \t<li>Moteur puissant de 2200 w<\/li>\r\n \t<li>1\u201d(25) mm biseau maximum<\/li>\r\n \t<li>Poign\u00e9e r\u00e9glable pour une utilisation ergonomique<\/li>\r\n<\/ul><p class=\"read_more\"><a class=\"sm_button blue\" href=\"https:\/\/steelmax.com\/fr\/produit\/bm25-portable-beveling-machine\/\">LIRE LA SUITE<\/a><\/p><\/div><\/div><div class=\"post-6440 product\"><a class=\"image\" href=\"https:\/\/steelmax.com\/fr\/produit\/abm-50-double-sided-beveling-machine-lp\/\"><div class=\"crossfade-images\"><img decoding=\"async\" width=\"530\" height=\"800\" src=\"https:\/\/steelmax.com\/wp-content\/uploads\/2019\/02\/ABM50-e1578002841374.jpg\" class=\"attachment-post-thumbnail size-post-thumbnail wp-post-image\" alt=\"abm50\" \/><\/div><\/a><div class=\"prod_content\"><h3 class=\"product-title\"><a class=\"title\" href=\"https:\/\/steelmax.com\/fr\/produit\/abm-50-double-sided-beveling-machine-lp\/\">ABM 50 Machine \u00e0 biseauter les plaques \u00e0 double alimentation automatique avec chariot<\/a><\/h3><p class=\"read_more\"><a class=\"sm_button blue\" href=\"https:\/\/steelmax.com\/fr\/produit\/abm-50-double-sided-beveling-machine-lp\/\">LIRE LA SUITE<\/a><\/p><\/div><\/div><div class=\"post-5234 product\"><a class=\"image\" href=\"https:\/\/steelmax.com\/fr\/produit\/abm1218-fr-double-sided-plate-pipe-beveling-machine\/\"><div class=\"crossfade-images\"><img decoding=\"async\" width=\"600\" height=\"550\" src=\"https:\/\/steelmax.com\/wp-content\/uploads\/2018\/12\/Website-Product-Image-Template-Size.jpg\" class=\"attachment-post-thumbnail size-post-thumbnail wp-post-image\" alt=\"steelmax portable hydraulic power unit in protective frame\" srcset=\"https:\/\/steelmax.com\/wp-content\/uploads\/2018\/12\/Website-Product-Image-Template-Size-151x138.jpg 151w, https:\/\/steelmax.com\/wp-content\/uploads\/2018\/12\/Website-Product-Image-Template-Size-275x252.jpg 275w, https:\/\/steelmax.com\/wp-content\/uploads\/2018\/12\/Website-Product-Image-Template-Size-450x413.jpg 450w, https:\/\/steelmax.com\/wp-content\/uploads\/2018\/12\/Website-Product-Image-Template-Size.jpg 600w\" sizes=\"(max-width: 600px) 100vw, 600px\" \/><\/div><\/a><div class=\"prod_content\"><h3 class=\"product-title\"><a class=\"title\" href=\"https:\/\/steelmax.com\/fr\/produit\/abm1218-fr-double-sided-plate-pipe-beveling-machine\/\">ABM1218 FR Machine \u00e0 biseauter les plaques\/tuyaux double face<\/a><\/h3><ul>\r\n \t<li>L'inversion \u00e0 180\u00b0 permet de cr\u00e9er rapidement et facilement des biseaux \u00e0 double face.<\/li>\r\n \t<li>R\u00e9duit consid\u00e9rablement les co\u00fbts de manutention et am\u00e9liore la s\u00e9curit\u00e9.<\/li>\r\n \t<li>Les molettes de cisaillement sont durables, silencieuses et rapides - biseautage jusqu'\u00e0 8,5 ft\/min -.<\/li>\r\n \t<li>Machine portable qui peut \u00eatre facilement d\u00e9plac\u00e9e dans l'atelier<\/li>\r\n<\/ul><p class=\"read_more\"><a class=\"sm_button blue\" href=\"https:\/\/steelmax.com\/fr\/produit\/abm1218-fr-double-sided-plate-pipe-beveling-machine\/\">LIRE LA SUITE<\/a><\/p><\/div><\/div><div class=\"post-4710 product\"><a class=\"image\" href=\"https:\/\/steelmax.com\/fr\/produit\/sbm-500-stationary-beveling-machine\/\"><div class=\"crossfade-images\"><img decoding=\"async\" width=\"600\" height=\"711\" src=\"https:\/\/steelmax.com\/wp-content\/uploads\/2017\/08\/SBM-500-Main-e1515103500853.png\" class=\"attachment-post-thumbnail size-post-thumbnail wp-post-image\" alt=\"SBM 500 Stationary Beveling Machine\" srcset=\"https:\/\/steelmax.com\/wp-content\/uploads\/2017\/08\/SBM-500-Main-e1515103500853-450x533.png 450w, https:\/\/steelmax.com\/wp-content\/uploads\/2017\/08\/SBM-500-Main-e1515103500853.png 600w\" sizes=\"(max-width: 600px) 100vw, 600px\" \/><\/div><\/a><div class=\"prod_content\"><h3 class=\"product-title\"><a class=\"title\" href=\"https:\/\/steelmax.com\/fr\/produit\/sbm-500-stationary-beveling-machine\/\">Machine \u00e0 biseauter stationnaire SBM 500<\/a><\/h3><ul>\r\n \t<li>Puissant moteur \u00e9lectrique de 7 500 watts pour un fonctionnement continu<\/li>\r\n \t<li>Alimentation automatique variable pour le biseautage des mat\u00e9riaux ferreux et non ferreux<\/li>\r\n \t<li>Angle de biseau r\u00e9glable en continu de 15 \u00e0 60 degr\u00e9s<\/li>\r\n \t<li>R\u00e9glage simple de la profondeur de coupe<\/li>\r\n<\/ul><p class=\"read_more\"><a class=\"sm_button blue\" href=\"https:\/\/steelmax.com\/fr\/produit\/sbm-500-stationary-beveling-machine\/\">LIRE LA SUITE<\/a><\/p><\/div><\/div><\/div>","protected":false},"excerpt":{"rendered":"<p>Automatic Plate Bevelers The Welding Shop of the 21st Century  [&#8230;]<\/p>\n","protected":false},"author":39,"featured_media":0,"parent":4890,"menu_order":0,"comment_status":"closed","ping_status":"closed","template":"","meta":{"_acf_changed":false,"content-type":"","footnotes":""},"class_list":["post-5029","page","type-page","status-publish","hentry"],"acf":[],"aioseo_notices":[],"_links":{"self":[{"href":"https:\/\/steelmax.com\/fr\/wp-json\/wp\/v2\/pages\/5029","targetHints":{"allow":["GET"]}}],"collection":[{"href":"https:\/\/steelmax.com\/fr\/wp-json\/wp\/v2\/pages"}],"about":[{"href":"https:\/\/steelmax.com\/fr\/wp-json\/wp\/v2\/types\/page"}],"author":[{"embeddable":true,"href":"https:\/\/steelmax.com\/fr\/wp-json\/wp\/v2\/users\/39"}],"replies":[{"embeddable":true,"href":"https:\/\/steelmax.com\/fr\/wp-json\/wp\/v2\/comments?post=5029"}],"version-history":[{"count":0,"href":"https:\/\/steelmax.com\/fr\/wp-json\/wp\/v2\/pages\/5029\/revisions"}],"up":[{"embeddable":true,"href":"https:\/\/steelmax.com\/fr\/wp-json\/wp\/v2\/pages\/4890"}],"wp:attachment":[{"href":"https:\/\/steelmax.com\/fr\/wp-json\/wp\/v2\/media?parent=5029"}],"curies":[{"name":"wp","href":"https:\/\/api.w.org\/{rel}","templated":true}]}}