{"id":5027,"date":"2018-04-10T01:04:11","date_gmt":"2018-04-10T06:04:11","guid":{"rendered":"https:\/\/www.steelmax.com\/?page_id=5027"},"modified":"2019-05-31T13:03:31","modified_gmt":"2019-05-31T18:03:31","slug":"manual-plate-bevelers","status":"publish","type":"page","link":"https:\/\/steelmax.com\/fr\/plate-pipe-beveling-solutions\/plate-bevelers-new-layout\/manual-plate-bevelers\/","title":{"rendered":"Chanfreineuses manuelles"},"content":{"rendered":"<h1 class=\"section-name\"><strong>Chanfreineuses manuelles<\/strong><\/h1>\n<p>L'atelier de soudure du 21<sup>st<\/sup> Century dispose de nombreuses technologies innovantes pour am\u00e9liorer la productivit\u00e9. Les progr\u00e8s en mati\u00e8re de contr\u00f4le des processus, d'automatisation, de m\u00e9taux d'apport et de gaz de protection se sont succ\u00e9d\u00e9 \u00e0 un rythme rapide. La mise en \u0153uvre de ces progr\u00e8s peut entra\u00eener des \u00e9conomies significatives, une am\u00e9lioration de la qualit\u00e9 et une r\u00e9duction des reprises dans de nombreux ateliers. Il est toutefois tr\u00e8s important de se rappeler que, m\u00eame avec ces progr\u00e8s, les principes de base du soudage restent essentiels \u00e0 la r\u00e9ussite de l'op\u00e9ration.<\/p>\n<p>Steelmax propose une gamme compl\u00e8te de solutions de chanfreinage de plaques et de tuyaux pour r\u00e9pondre aux besoins les plus exigeants en mati\u00e8re de fabrication d'acier. Des machines manuelles aux grandes machines automatiques, Steelmax a tout ce qu'il vous faut !<\/p>\n<p>&nbsp;<\/p>\n<div class=\"steel_cat\"><div class=\"post-11980 product\"><a class=\"image\" href=\"https:\/\/steelmax.com\/fr\/produit\/bm18-portable-beveling-machine\/\"><div class=\"crossfade-images\"><img decoding=\"async\" width=\"1420\" height=\"2000\" src=\"https:\/\/steelmax.com\/wp-content\/uploads\/2023\/03\/BM-18-SteelmaxWEB.png\" class=\"attachment-post-thumbnail size-post-thumbnail wp-post-image\" alt=\"Steelmax Portable Beveler\" srcset=\"https:\/\/steelmax.com\/wp-content\/uploads\/2023\/03\/BM-18-SteelmaxWEB-9x12.png 9w, https:\/\/steelmax.com\/wp-content\/uploads\/2023\/03\/BM-18-SteelmaxWEB-200x282.png 200w, https:\/\/steelmax.com\/wp-content\/uploads\/2023\/03\/BM-18-SteelmaxWEB-400x563.png 400w, https:\/\/steelmax.com\/wp-content\/uploads\/2023\/03\/BM-18-SteelmaxWEB-600x845.png 600w, https:\/\/steelmax.com\/wp-content\/uploads\/2023\/03\/BM-18-SteelmaxWEB-700x986.png 700w, https:\/\/steelmax.com\/wp-content\/uploads\/2023\/03\/BM-18-SteelmaxWEB-768x1082.png 768w, https:\/\/steelmax.com\/wp-content\/uploads\/2023\/03\/BM-18-SteelmaxWEB-800x1127.png 800w, https:\/\/steelmax.com\/wp-content\/uploads\/2023\/03\/BM-18-SteelmaxWEB-1091x1536.png 1091w, https:\/\/steelmax.com\/wp-content\/uploads\/2023\/03\/BM-18-SteelmaxWEB-1100x1549.png 1100w, https:\/\/steelmax.com\/wp-content\/uploads\/2023\/03\/BM-18-SteelmaxWEB-1200x1690.png 1200w, https:\/\/steelmax.com\/wp-content\/uploads\/2023\/03\/BM-18-SteelmaxWEB.png 1420w\" sizes=\"(max-width: 1420px) 100vw, 1420px\" \/><\/div><\/a><div class=\"prod_content\"><h3 class=\"product-title\"><a class=\"title\" href=\"https:\/\/steelmax.com\/fr\/produit\/bm18-portable-beveling-machine\/\">BM18 Machine \u00e0 biseauter portable<\/a><\/h3><ul>\r\n \t<li>Machine \u00e0 biseauter tr\u00e8s efficace - jusqu'\u00e0 10 fois plus rapide que le meulage<\/li>\r\n \t<li>Ne produit pas de poussi\u00e8re dangereuse, ce qui am\u00e9liore consid\u00e9rablement l'environnement de travail.<\/li>\r\n \t<li>La plaque de guidage et les guides \u00e0 rouleaux assurent des angles de biseau constants et tr\u00e8s pr\u00e9cis.<\/li>\r\n \t<li>La conception ergonomique et l\u00e9g\u00e8re r\u00e9duit la fatigue du travailleur<\/li>\r\n<\/ul><p class=\"read_more\"><a class=\"sm_button blue\" href=\"https:\/\/steelmax.com\/fr\/produit\/bm18-portable-beveling-machine\/\">LIRE LA SUITE<\/a><\/p><\/div><\/div><div class=\"post-4545 product\"><a class=\"image\" href=\"https:\/\/steelmax.com\/fr\/produit\/bm7-compact-plate-and-pipe-beveling-machine\/\"><div class=\"crossfade-images\"><img decoding=\"async\" width=\"2048\" height=\"1873\" src=\"https:\/\/steelmax.com\/wp-content\/uploads\/2018\/04\/BM_7-Steelmax.png\" class=\"attachment-post-thumbnail size-post-thumbnail wp-post-image\" alt=\"bm7 compact plate and pipe beveling machine\" srcset=\"https:\/\/steelmax.com\/wp-content\/uploads\/2018\/04\/BM_7-Steelmax-13x12.png 13w, https:\/\/steelmax.com\/wp-content\/uploads\/2018\/04\/BM_7-Steelmax-200x183.png 200w, https:\/\/steelmax.com\/wp-content\/uploads\/2018\/04\/BM_7-Steelmax-400x366.png 400w, https:\/\/steelmax.com\/wp-content\/uploads\/2018\/04\/BM_7-Steelmax-600x549.png 600w, https:\/\/steelmax.com\/wp-content\/uploads\/2018\/04\/BM_7-Steelmax-700x640.png 700w, https:\/\/steelmax.com\/wp-content\/uploads\/2018\/04\/BM_7-Steelmax-768x702.png 768w, https:\/\/steelmax.com\/wp-content\/uploads\/2018\/04\/BM_7-Steelmax-800x732.png 800w, https:\/\/steelmax.com\/wp-content\/uploads\/2018\/04\/BM_7-Steelmax-1100x1006.png 1100w, https:\/\/steelmax.com\/wp-content\/uploads\/2018\/04\/BM_7-Steelmax-1200x1098.png 1200w, https:\/\/steelmax.com\/wp-content\/uploads\/2018\/04\/BM_7-Steelmax-1536x1405.png 1536w, https:\/\/steelmax.com\/wp-content\/uploads\/2018\/04\/BM_7-Steelmax.png 2048w\" sizes=\"(max-width: 2048px) 100vw, 2048px\" \/><\/div><\/a><div class=\"prod_content\"><h3 class=\"product-title\"><a class=\"title\" href=\"https:\/\/steelmax.com\/fr\/produit\/bm7-compact-plate-and-pipe-beveling-machine\/\">BM7 Machine compacte \u00e0 biseauter les plaques et les tuyaux<\/a><\/h3><ul>\r\n \t<li>T\u00eate de fraisage rotative utilisant 4 plaquettes indexables en carbure rev\u00eatues de TiN<\/li>\r\n \t<li>Biseau \u00e0 45 degr\u00e9s avec largeur de biseau variable jusqu'\u00e0 \u00bc\u201d (7mm)<\/li>\r\n \t<li>Plaquettes de fraisage de rayon disponibles pour des rayons de 2, 3, 4 et 5 mm<\/li>\r\n \t<li>Conception compacte et ergonomique avec poign\u00e9e rembourr\u00e9e<\/li>\r\n \t<li>R\u00e9glage continu de la largeur du biseau<\/li>\r\n<\/ul><p class=\"read_more\"><a class=\"sm_button blue\" href=\"https:\/\/steelmax.com\/fr\/produit\/bm7-compact-plate-and-pipe-beveling-machine\/\">LIRE LA SUITE<\/a><\/p><\/div><\/div><div class=\"post-3586 product\"><a class=\"image\" href=\"https:\/\/steelmax.com\/fr\/produit\/bm20-portable-beveling-machine\/\"><div class=\"crossfade-images\"><img decoding=\"async\" width=\"600\" height=\"600\" src=\"https:\/\/steelmax.com\/wp-content\/uploads\/2016\/03\/BM20-PLUS_0316_2.jpg\" class=\"attachment-post-thumbnail size-post-thumbnail wp-post-image\" alt=\"portable beveling machine\" srcset=\"https:\/\/steelmax.com\/wp-content\/uploads\/2016\/03\/BM20-PLUS_0316_2-100x100.jpg 100w, https:\/\/steelmax.com\/wp-content\/uploads\/2016\/03\/BM20-PLUS_0316_2-128x128.jpg 128w, https:\/\/steelmax.com\/wp-content\/uploads\/2016\/03\/BM20-PLUS_0316_2-151x151.jpg 151w, https:\/\/steelmax.com\/wp-content\/uploads\/2016\/03\/BM20-PLUS_0316_2-275x275.jpg 275w, https:\/\/steelmax.com\/wp-content\/uploads\/2016\/03\/BM20-PLUS_0316_2-500x500.jpg 500w, https:\/\/steelmax.com\/wp-content\/uploads\/2016\/03\/BM20-PLUS_0316_2.jpg 600w\" sizes=\"(max-width: 600px) 100vw, 600px\" \/><\/div><\/a><div class=\"prod_content\"><h3 class=\"product-title\"><a class=\"title\" href=\"https:\/\/steelmax.com\/fr\/produit\/bm20-portable-beveling-machine\/\">BM20 PLUS Machine \u00e0 biseauter portable<\/a><\/h3><ul>\r\n \t<li>Machine portable et robuste<\/li>\r\n \t<li>Equip\u00e9 de rouleaux de guidage pour une utilisation facile<\/li>\r\n \t<li>Protection automatique contre les surcharges du moteur<\/li>\r\n \t<li>\u00c9quip\u00e9 de deux t\u00eates de fraisage pour un fonctionnement souple et efficace<\/li>\r\n<\/ul><p class=\"read_more\"><a class=\"sm_button blue\" href=\"https:\/\/steelmax.com\/fr\/produit\/bm20-portable-beveling-machine\/\">LIRE LA SUITE<\/a><\/p><\/div><\/div><div class=\"post-3320 product\"><a class=\"image\" href=\"https:\/\/steelmax.com\/fr\/produit\/bm21-portable-beveling-machine\/\"><div class=\"crossfade-images\"><img decoding=\"async\" width=\"600\" height=\"600\" src=\"https:\/\/steelmax.com\/wp-content\/uploads\/2015\/07\/b21-image-three.jpg\" class=\"attachment-post-thumbnail size-post-thumbnail wp-post-image\" alt=\"beveling machine\" srcset=\"https:\/\/steelmax.com\/wp-content\/uploads\/2015\/07\/b21-image-three-100x100.jpg 100w, https:\/\/steelmax.com\/wp-content\/uploads\/2015\/07\/b21-image-three-128x128.jpg 128w, https:\/\/steelmax.com\/wp-content\/uploads\/2015\/07\/b21-image-three-151x151.jpg 151w, https:\/\/steelmax.com\/wp-content\/uploads\/2015\/07\/b21-image-three-275x275.jpg 275w, https:\/\/steelmax.com\/wp-content\/uploads\/2015\/07\/b21-image-three-500x500.jpg 500w, https:\/\/steelmax.com\/wp-content\/uploads\/2015\/07\/b21-image-three.jpg 600w\" sizes=\"(max-width: 600px) 100vw, 600px\" \/><\/div><\/a><div class=\"prod_content\"><h3 class=\"product-title\"><a class=\"title\" href=\"https:\/\/steelmax.com\/fr\/produit\/bm21-portable-beveling-machine\/\">BM21 Machine \u00e0 biseauter portable<\/a><\/h3><ul>\r\n \t<li>Une seule t\u00eate de fraisage utilisant 10 plaquettes carbure indexables produit des biseaux pr\u00eats \u00e0 \u00eatre soud\u00e9s rapidement et efficacement avec un faible effort de la part de l'op\u00e9rateur.<\/li>\r\n \t<li>Remplacement rapide et facile des inserts sans ajustement particulier<\/li>\r\n \t<li>Plage de travail de 0 \u00e0 60 degr\u00e9s avec r\u00e9glage continu de l'angle<\/li>\r\n \t<li>R\u00e9glage simple de l'angle et de la largeur du biseau<\/li>\r\n<\/ul><p class=\"read_more\"><a class=\"sm_button blue\" href=\"https:\/\/steelmax.com\/fr\/produit\/bm21-portable-beveling-machine\/\">LIRE LA SUITE<\/a><\/p><\/div><\/div><div class=\"post-4566 product\"><a class=\"image\" href=\"https:\/\/steelmax.com\/fr\/produit\/bm21-ss-portable-beveling-machine-for-stainless-steel\/\"><div class=\"crossfade-images\"><img decoding=\"async\" width=\"576\" height=\"616\" src=\"https:\/\/steelmax.com\/wp-content\/uploads\/2017\/06\/BM21-SS-Portable-Beveling.jpg\" class=\"attachment-post-thumbnail size-post-thumbnail wp-post-image\" alt=\"BM21 SS Portable Beveling Machine for Stainless Steel\" srcset=\"https:\/\/steelmax.com\/wp-content\/uploads\/2017\/06\/BM21-SS-Portable-Beveling-151x161.jpg 151w, https:\/\/steelmax.com\/wp-content\/uploads\/2017\/06\/BM21-SS-Portable-Beveling-274x293.jpg 274w, https:\/\/steelmax.com\/wp-content\/uploads\/2017\/06\/BM21-SS-Portable-Beveling-275x294.jpg 275w, https:\/\/steelmax.com\/wp-content\/uploads\/2017\/06\/BM21-SS-Portable-Beveling-450x481.jpg 450w, https:\/\/steelmax.com\/wp-content\/uploads\/2017\/06\/BM21-SS-Portable-Beveling.jpg 576w\" sizes=\"(max-width: 576px) 100vw, 576px\" \/><\/div><\/a><div class=\"prod_content\"><h3 class=\"product-title\"><a class=\"title\" href=\"https:\/\/steelmax.com\/fr\/produit\/bm21-ss-portable-beveling-machine-for-stainless-steel\/\">BM21 SS Machine \u00e0 biseauter portable pour l'acier inoxydable<\/a><\/h3><ul>\r\n \t<li>Toutes les surfaces de contact en acier inoxydable pour \u00e9liminer la contamination par le carbone<\/li>\r\n \t<li>Une seule t\u00eate de fraisage utilisant 10 plaquettes carbure indexables produit des biseaux pr\u00eats \u00e0 \u00eatre soud\u00e9s rapidement et efficacement avec un faible effort de la part de l'op\u00e9rateur.<\/li>\r\n \t<li>Remplacement rapide et facile des inserts sans ajustement particulier<\/li>\r\n \t<li>Plage de travail de 0 \u00e0 60 degr\u00e9s avec r\u00e9glage continu de l'angle<\/li>\r\n<\/ul><p class=\"read_more\"><a class=\"sm_button blue\" href=\"https:\/\/steelmax.com\/fr\/produit\/bm21-ss-portable-beveling-machine-for-stainless-steel\/\">LIRE LA SUITE<\/a><\/p><\/div><\/div><\/div>","protected":false},"excerpt":{"rendered":"<p>Manual Plate Bevelers The Welding Shop of the 21st Century  [&#8230;]<\/p>\n","protected":false},"author":39,"featured_media":0,"parent":4890,"menu_order":0,"comment_status":"closed","ping_status":"closed","template":"","meta":{"_acf_changed":false,"content-type":"","footnotes":""},"class_list":["post-5027","page","type-page","status-publish","hentry"],"acf":[],"aioseo_notices":[],"_links":{"self":[{"href":"https:\/\/steelmax.com\/fr\/wp-json\/wp\/v2\/pages\/5027","targetHints":{"allow":["GET"]}}],"collection":[{"href":"https:\/\/steelmax.com\/fr\/wp-json\/wp\/v2\/pages"}],"about":[{"href":"https:\/\/steelmax.com\/fr\/wp-json\/wp\/v2\/types\/page"}],"author":[{"embeddable":true,"href":"https:\/\/steelmax.com\/fr\/wp-json\/wp\/v2\/users\/39"}],"replies":[{"embeddable":true,"href":"https:\/\/steelmax.com\/fr\/wp-json\/wp\/v2\/comments?post=5027"}],"version-history":[{"count":0,"href":"https:\/\/steelmax.com\/fr\/wp-json\/wp\/v2\/pages\/5027\/revisions"}],"up":[{"embeddable":true,"href":"https:\/\/steelmax.com\/fr\/wp-json\/wp\/v2\/pages\/4890"}],"wp:attachment":[{"href":"https:\/\/steelmax.com\/fr\/wp-json\/wp\/v2\/media?parent=5027"}],"curies":[{"name":"wp","href":"https:\/\/api.w.org\/{rel}","templated":true}]}}