{"id":8116,"date":"2020-03-04T11:12:22","date_gmt":"2020-03-04T18:12:22","guid":{"rendered":"https:\/\/steelmax.com\/?post_type=product&#038;p=8116"},"modified":"2026-03-19T01:24:26","modified_gmt":"2026-03-19T07:24:26","slug":"d300xt-tapping-drilling-machine","status":"publish","type":"product","link":"https:\/\/steelmax.com\/es\/producto\/d300xt-tapping-drilling-machine\/","title":{"rendered":"M\u00e1quina taladradora y roscadora D300XT"},"content":{"rendered":"","protected":false},"excerpt":{"rendered":"<p>M\u00c1QUINA PERFORADORA Y ROSCADORA MAGN\u00c9TICA DE VELOCIDAD VARIABLE<\/p>\n<p>La D300XT es una m\u00e1quina perforadora de velocidad variable dise\u00f1ada para perforar orificios con di\u00e1metros de hasta 2-3 \/ 4 \u2033 (70 mm) mediante el uso de cortadores anulares. La m\u00e1quina tambi\u00e9n puede perforar agujeros con di\u00e1metros de hasta 1 \u2033 (25 mm) utilizando brocas helicoidales. La D300XT puede cambiar la direcci\u00f3n de rotaci\u00f3n. Esto permite roscar orificios pretaladrados utilizando un mandril de roscar. La base electromagn\u00e9tica sujeta la m\u00e1quina a superficies ferromagn\u00e9ticas, asegurando que el operador est\u00e9 seguro y la m\u00e1quina funcione correctamente. Una correa de seguridad protege la m\u00e1quina contra ca\u00eddas en caso de p\u00e9rdida de sujeci\u00f3n. Los accesorios le permiten perforar tuber\u00edas y cortar roscas.<\/p>\n<p>CARACTERISTICAS<\/p>\n<p>\u2022 El sistema de monitoreo visual de 360 grados indica el estado actual del taladro y brinda seguridad<\/p>\n<p>e informaci\u00f3n de diagn\u00f3stico, por ejemplo, cepillos gastados<\/p>\n<p>\u2022 Motor de 1600 W<\/p>\n<p>\u2022 Protecci\u00f3n contra sobrecarga y sobrecalentamiento<\/p>\n<p>\u2022 Roscado de agujeros pasantes y ciegos con control de carga inteligente<\/p>\n<p>\u2022 Taladrar con cortadores TCT y HSS y girar<\/p>\n<p>brocas de peque\u00f1o a gran di\u00e1metro<\/p>\n<p>\u2022 Control electr\u00f3nico completo del motor<\/p>\n<p>\u2022 Embrague electr\u00f3nico (m\u00e1s r\u00e1pido que mec\u00e1nico)<\/p>\n<p>\u2022 El dise\u00f1o r\u00edgido extiende la vida \u00fatil de la herramienta<\/p>\n<p>\u2022 Im\u00e1n inteligente innovador con peso reducido<\/p>\n<p>\u2022 Panel de control intuitivo en la parte superior del taladro<\/p>\n<p>\u2022 Gran dep\u00f3sito de refrigerante<\/p>\n<blockquote><p>Este art\u00edculo se env\u00eda por flete. Llega en pal\u00e9 y solo se puede enviar a una direcci\u00f3n comercial.<\/p>\n<p>Comun\u00edquese con nosotros para conocer los accesorios de roscado disponibles con este taladro.<\/p><\/blockquote>\n<div class=\"product-detail-wrapper\">\n<div class=\"product-detail\">\n<div class=\"product-detail-img\"><img decoding=\"async\" class=\"img-fluid\"\n                                src=\"https:\/\/steelmax.com\/wp-content\/uploads\/2026\/03\/Shield-01.png\"\n                                alt=\"product-detail-icon\">\n                <\/div>\n<p> Garant\u00eda del fabricante\n                <\/p>\n<\/p><\/div>\n<div class=\"product-detail\">\n<div class=\"product-detail-img\"><img decoding=\"async\" class=\"img-fluid\"\n                                src=\"https:\/\/steelmax.com\/wp-content\/uploads\/2026\/03\/call-02.png\"\n                                alt=\"product-detail-icon\">\n                <\/div>\n<p>Soporte gratuito\n                <\/p>\n<\/p><\/div>\n<div class=\"product-detail\">\n<div class=\"product-detail-img\"><img decoding=\"async\" class=\"img-fluid\"\n                                src=\"https:\/\/steelmax.com\/wp-content\/uploads\/2026\/03\/return-02.png\"\n                                alt=\"product-detail-icon\">\n                <\/div>\n<p> Devoluciones en 30 d\u00edas\n                <\/p>\n<\/p><\/div>\n<\/div>","protected":false},"featured_media":8092,"template":"","meta":{"_acf_changed":false,"content-type":""},"product_brand":[],"product_cat":[255,548,202,218],"product_tag":[285,284],"class_list":{"0":"post-8116","1":"product","2":"type-product","3":"status-publish","4":"has-post-thumbnail","6":"product_cat-industrial-mag-drills","7":"product_cat-variable-speed-magnetic-drills","8":"product_cat-drilling-and-punching-machines","9":"product_cat-magnetic-drilling-machines","10":"product_tag-mag-drill","11":"product_tag-magnetic-drill","12":"product_shipping_class-drills","14":"first","15":"instock","16":"taxable","17":"shipping-taxable","18":"purchasable","19":"product-type-simple"},"acf":[],"aioseo_notices":[],"_links":{"self":[{"href":"https:\/\/steelmax.com\/es\/wp-json\/wp\/v2\/product\/8116","targetHints":{"allow":["GET"]}}],"collection":[{"href":"https:\/\/steelmax.com\/es\/wp-json\/wp\/v2\/product"}],"about":[{"href":"https:\/\/steelmax.com\/es\/wp-json\/wp\/v2\/types\/product"}],"wp:featuredmedia":[{"embeddable":true,"href":"https:\/\/steelmax.com\/es\/wp-json\/wp\/v2\/media\/8092"}],"wp:attachment":[{"href":"https:\/\/steelmax.com\/es\/wp-json\/wp\/v2\/media?parent=8116"}],"wp:term":[{"taxonomy":"product_brand","embeddable":true,"href":"https:\/\/steelmax.com\/es\/wp-json\/wp\/v2\/product_brand?post=8116"},{"taxonomy":"product_cat","embeddable":true,"href":"https:\/\/steelmax.com\/es\/wp-json\/wp\/v2\/product_cat?post=8116"},{"taxonomy":"product_tag","embeddable":true,"href":"https:\/\/steelmax.com\/es\/wp-json\/wp\/v2\/product_tag?post=8116"}],"curies":[{"name":"wp","href":"https:\/\/api.w.org\/{rel}","templated":true}]}}