{"id":3586,"date":"2018-03-26T15:59:39","date_gmt":"2018-03-26T21:59:39","guid":{"rendered":"http:\/\/www.steelmax.com\/?post_type=product&#038;p=3586"},"modified":"2026-03-16T20:39:41","modified_gmt":"2026-03-17T02:39:41","slug":"bm20-portable-beveling-machine","status":"publish","type":"product","link":"https:\/\/steelmax.com\/es\/producto\/bm20-portable-beveling-machine\/","title":{"rendered":"Biseladora port\u00e1til BM20 PLUS"},"content":{"rendered":"<ul>\n<li>M\u00e1quina port\u00e1til para trabajos pesados<\/li>\n<li>Equipado con rodillos gu\u00eda para una f\u00e1cil operaci\u00f3n<\/li>\n<li>Protecci\u00f3n autom\u00e1tica de sobrecarga del motor<\/li>\n<li>Equipado con dos cabezales de fresado para un funcionamiento suave y eficiente<\/li>\n<\/ul>","protected":false},"excerpt":{"rendered":"<p>La BM20 Plus es una m\u00e1quina de biselado manual port\u00e1til de bajo costo, resistente y dise\u00f1ada para fresar biseles precisos de alta calidad para la preparaci\u00f3n de soldaduras en placas y tuber\u00edas. Utilizando un cabezal de fresado giratorio con diez insertos de carburo indexables, el BM20 Plus crear\u00e1 \u00e1ngulos de bisel precisos que mejoran el tiempo de ajuste, eliminan defectos de soldadura y reducen el uso de consumibles de soldadura.<\/p>\n<p>A diferencia del corte t\u00e9rmico para la preparaci\u00f3n de la soldadura, el BM20 Plus no produce ninguna zona afectada por el calor ni distorsi\u00f3n de la pieza de trabajo. Esta m\u00e1quina f\u00e1cil de operar se puede llevar a cualquier lugar y elimina el costoso manejo de materiales asociado con el movimiento de placas alrededor del taller a las m\u00e1quinas de fresado y quemado estacionarias.<\/p>\n<p>Los circuitos de protecci\u00f3n de sobrecarga t\u00e9rmica autom\u00e1tica protegen el motor de fallas prematuras, proporcionando una herramienta confiable que puede soportar los trabajos m\u00e1s duros.<\/p>\n<p>CARACTERISTICAS<\/p>\n<ul>\n<li>M\u00e1quina port\u00e1til para trabajos pesados<\/li>\n<li>Equipado con rodillos gu\u00eda para una f\u00e1cil operaci\u00f3n<\/li>\n<li>Protecci\u00f3n autom\u00e1tica de sobrecarga del motor<\/li>\n<li>Equipado con dos cabezales de fresado para un funcionamiento suave y eficiente<\/li>\n<li>Ajuste continuo del \u00e1ngulo de bisel entre 15 \u00b0 y 60 \u00b0<\/li>\n<\/ul>","protected":false},"featured_media":3617,"template":"","meta":{"_acf_changed":false,"content-type":""},"product_brand":[],"product_cat":[253,586,211,213],"product_tag":[],"class_list":{"0":"post-3586","1":"product","2":"type-product","3":"status-publish","4":"has-post-thumbnail","6":"product_cat-manual","7":"product_cat-manual-pipe-bevelers","8":"product_cat-plate-pipe-beveling","9":"product_cat-plate-bevelers","11":"first","12":"instock","13":"taxable","14":"shipping-taxable","15":"product-type-simple"},"acf":[],"aioseo_notices":[],"_links":{"self":[{"href":"https:\/\/steelmax.com\/es\/wp-json\/wp\/v2\/product\/3586","targetHints":{"allow":["GET"]}}],"collection":[{"href":"https:\/\/steelmax.com\/es\/wp-json\/wp\/v2\/product"}],"about":[{"href":"https:\/\/steelmax.com\/es\/wp-json\/wp\/v2\/types\/product"}],"wp:featuredmedia":[{"embeddable":true,"href":"https:\/\/steelmax.com\/es\/wp-json\/wp\/v2\/media\/3617"}],"wp:attachment":[{"href":"https:\/\/steelmax.com\/es\/wp-json\/wp\/v2\/media?parent=3586"}],"wp:term":[{"taxonomy":"product_brand","embeddable":true,"href":"https:\/\/steelmax.com\/es\/wp-json\/wp\/v2\/product_brand?post=3586"},{"taxonomy":"product_cat","embeddable":true,"href":"https:\/\/steelmax.com\/es\/wp-json\/wp\/v2\/product_cat?post=3586"},{"taxonomy":"product_tag","embeddable":true,"href":"https:\/\/steelmax.com\/es\/wp-json\/wp\/v2\/product_tag?post=3586"}],"curies":[{"name":"wp","href":"https:\/\/api.w.org\/{rel}","templated":true}]}}