{"id":13381,"date":"2024-07-20T17:08:08","date_gmt":"2024-07-20T23:08:08","guid":{"rendered":"https:\/\/steelmax.com\/?post_type=product&#038;p=13381"},"modified":"2026-03-02T04:35:48","modified_gmt":"2026-03-02T11:35:48","slug":"hole-saws","status":"publish","type":"product","link":"https:\/\/steelmax.com\/es\/producto\/hole-saws\/","title":{"rendered":"Sierras de corona y kits TCT"},"content":{"rendered":"<p>\u2022 Ideal para acero estructural e inoxidable, cobre y<br \/>\notros metales<br \/>\n\u2022 Mayor vida \u00fatil que las sierras de corona HSS<br \/>\n\u2022 Compatible con cable, bater\u00eda y neum\u00e1ticos.<br \/>\nTaladros m\u00e1s Taladros magn\u00e9ticos que est\u00e1n equipados con un<br \/>\narrojar<br \/>\n\u2022 Amplia variedad de di\u00e1metros de corte disponibles: 3\/16\u2033 DOC<\/p>","protected":false},"excerpt":{"rendered":"<div class=\"flex-shrink-0 flex flex-col relative items-end\">\n<div>\n<div class=\"pt-0\">\n<div class=\"gizmo-bot-avatar flex h-8 w-8 items-center justify-center overflow-hidden rounded-full\">\n<div class=\"relative p-1 rounded-sm flex items-center justify-center bg-token-main-surface-primary text-token-text-primary h-8 w-8\"><\/div>\n<\/div>\n<\/div>\n<\/div>\n<\/div>\n<div class=\"group\/conversation-turn relative flex w-full min-w-0 flex-col agent-turn\">\n<div class=\"flex-col gap-1 md:gap-3\">\n<div class=\"flex flex-grow flex-col max-w-full\">\n<div class=\"min-h-[20px] text-message flex w-full flex-col items-end gap-2 whitespace-pre-wrap break-words [.text-message+&amp;]:mt-5 overflow-x-auto\" dir=\"auto\" data-message-author-role=\"assistant\" data-message-id=\"53311ec4-149f-45f9-8c4d-d0103033ad28\">\n<div class=\"flex w-full flex-col gap-1 empty:hidden first:pt-[3px]\">\n<div class=\"markdown prose w-full break-words dark:prose-invert light\">\n<p>Discover Steelmax&#8217;s Premium Grade Solid Carbide Tipped Hole Saws, designed for high-performance cutting across a wide range of materials. Our Carbide Hole Saws deliver rapid, burr-free holes in everything from soft aluminum to challenging stainless steel and cast iron. Built tough for enduring reliability, each saw includes a shoulder to prevent over-drilling, making them ideal for precise work like drilling into electrical boxes.<\/p>\n<p>Crafted with carbide tips, these hole saws ensure exceptional durability and a clean cutting edge, outlasting traditional bi-metal saws and step drills. Suitable for materials up to 1\/8&#8243; (3.2mm) thick, Steelmax Carbide Hole Saws feature a spring-loaded center pilot drill for precise positioning and efficient core removal after cutting. Experience superior performance and longevity with Steelmax&#8217;s Carbide Hole Saws, perfect for professionals who demand reliability and precision in every cut.<\/p>\n<p>Available in 3\/16&#8243; DOC &amp;\u00a0 5 Diameter widths<\/p>\n<p>3 &amp; 5 Piece Kits Available<\/p>\n<\/div>\n<\/div>\n<\/div>\n<\/div>\n<\/div>\n<\/div>\n","protected":false},"featured_media":13660,"template":"","meta":{"_acf_changed":false,"content-type":""},"product_brand":[],"product_cat":[202,235],"product_tag":[318],"class_list":{"0":"post-13381","1":"product","2":"type-product","3":"status-publish","4":"has-post-thumbnail","6":"product_cat-drilling-and-punching-machines","7":"product_cat-mag-drill-accessories","8":"product_tag-drilling-accessories","10":"first","11":"instock","12":"taxable","13":"shipping-taxable","14":"purchasable","15":"product-type-variable"},"acf":[],"aioseo_notices":[],"_links":{"self":[{"href":"https:\/\/steelmax.com\/es\/wp-json\/wp\/v2\/product\/13381","targetHints":{"allow":["GET"]}}],"collection":[{"href":"https:\/\/steelmax.com\/es\/wp-json\/wp\/v2\/product"}],"about":[{"href":"https:\/\/steelmax.com\/es\/wp-json\/wp\/v2\/types\/product"}],"wp:featuredmedia":[{"embeddable":true,"href":"https:\/\/steelmax.com\/es\/wp-json\/wp\/v2\/media\/13660"}],"wp:attachment":[{"href":"https:\/\/steelmax.com\/es\/wp-json\/wp\/v2\/media?parent=13381"}],"wp:term":[{"taxonomy":"product_brand","embeddable":true,"href":"https:\/\/steelmax.com\/es\/wp-json\/wp\/v2\/product_brand?post=13381"},{"taxonomy":"product_cat","embeddable":true,"href":"https:\/\/steelmax.com\/es\/wp-json\/wp\/v2\/product_cat?post=13381"},{"taxonomy":"product_tag","embeddable":true,"href":"https:\/\/steelmax.com\/es\/wp-json\/wp\/v2\/product_tag?post=13381"}],"curies":[{"name":"wp","href":"https:\/\/api.w.org\/{rel}","templated":true}]}}