{"id":10220,"date":"2021-06-16T21:48:22","date_gmt":"2021-06-17T03:48:22","guid":{"rendered":"https:\/\/steelmax.com\/?post_type=product&#038;p=10220"},"modified":"2026-02-05T12:35:02","modified_gmt":"2026-02-05T19:35:02","slug":"collets-chucks-tapping-accessories","status":"publish","type":"product","link":"https:\/\/steelmax.com\/es\/producto\/collets-chucks-tapping-accessories\/","title":{"rendered":"Pinzas, mandriles y accesorios de roscado"},"content":{"rendered":"<p>SISTEMA DE ROSCADO DE CAMBIO R\u00c1PIDO<\/p>\n<p>Las brocas Steelmax seleccionadas utilizan cabezales de roscado personalizados para convertirse en m\u00e1quinas de roscado l\u00edderes del sector, con capacidad para roscar orificios pretaladrados o ciegos. Adecuadas para su uso con pinzas de cambio r\u00e1pido con embrague o de accionamiento positivo.<\/p>","protected":false},"excerpt":{"rendered":"<p>SISTEMA DE ROSCADO DE CAMBIO R\u00c1PIDO<\/p>\n<p>Nuestra l\u00ednea de taladros magn\u00e9ticos XT utiliza nuestro sistema patentado de portabrocas y pinzas de roscar que transforma los taladros magn\u00e9ticos en m\u00e1quinas de roscar l\u00edderes del sector.  Con capacidades desde \u00bc\" hasta 1-5\/8\", dando a la l\u00ednea XT la mayor capacidad de roscado del mercado.  Se dispone de pinzas de roscado de cambio r\u00e1pido para orificios ciegos y pasantes.<\/p>\n<ul>\n<li>Sistema de roscado de cambio r\u00e1pido compatible con las brocas de la versi\u00f3n XT<\/li>\n<li>Cabezales de roscado personalizados<\/li>\n<li>Posibilidad de roscar orificios pretaladrados o ciegos<\/li>\n<li>Adecuada para utilizar con pinzas de cambio r\u00e1pido con embrague o de accionamiento positivo<\/li>\n<li>Collar\u00edn de ajuste r\u00e1pido para sujetar firmemente el grifo necesario<\/li>\n<\/ul>\n<p>** Espec\u00edfico del tama\u00f1o **<\/p>\n<p><img decoding=\"async\" class=\"alignnone size-full wp-image-11477\" src=\"https:\/\/steelmax.com\/wp-content\/uploads\/2022\/10\/Steelmax-Tapping-collets-and-chucks-FINAL-1-scaled.jpg\" alt=\"\" width=\"2048\" height=\"1230\" srcset=\"https:\/\/steelmax.com\/wp-content\/uploads\/2022\/10\/Steelmax-Tapping-collets-and-chucks-FINAL-1-18x12.jpg 18w, https:\/\/steelmax.com\/wp-content\/uploads\/2022\/10\/Steelmax-Tapping-collets-and-chucks-FINAL-1-200x120.jpg 200w, https:\/\/steelmax.com\/wp-content\/uploads\/2022\/10\/Steelmax-Tapping-collets-and-chucks-FINAL-1-400x240.jpg 400w, https:\/\/steelmax.com\/wp-content\/uploads\/2022\/10\/Steelmax-Tapping-collets-and-chucks-FINAL-1-600x360.jpg 600w, https:\/\/steelmax.com\/wp-content\/uploads\/2022\/10\/Steelmax-Tapping-collets-and-chucks-FINAL-1-700x420.jpg 700w, https:\/\/steelmax.com\/wp-content\/uploads\/2022\/10\/Steelmax-Tapping-collets-and-chucks-FINAL-1-768x461.jpg 768w, https:\/\/steelmax.com\/wp-content\/uploads\/2022\/10\/Steelmax-Tapping-collets-and-chucks-FINAL-1-800x480.jpg 800w, https:\/\/steelmax.com\/wp-content\/uploads\/2022\/10\/Steelmax-Tapping-collets-and-chucks-FINAL-1-1100x660.jpg 1100w, https:\/\/steelmax.com\/wp-content\/uploads\/2022\/10\/Steelmax-Tapping-collets-and-chucks-FINAL-1-1200x720.jpg 1200w, https:\/\/steelmax.com\/wp-content\/uploads\/2022\/10\/Steelmax-Tapping-collets-and-chucks-FINAL-1-1536x922.jpg 1536w, https:\/\/steelmax.com\/wp-content\/uploads\/2022\/10\/Steelmax-Tapping-collets-and-chucks-FINAL-1-scaled.jpg 2048w\" sizes=\"(max-width: 2048px) 100vw, 2048px\" \/><\/p>","protected":false},"featured_media":10590,"template":"","meta":{"_acf_changed":false,"content-type":""},"product_brand":[],"product_cat":[235],"product_tag":[],"class_list":{"0":"post-10220","1":"product","2":"type-product","3":"status-publish","4":"has-post-thumbnail","6":"product_cat-mag-drill-accessories","8":"first","9":"instock","10":"taxable","11":"shipping-taxable","12":"product-type-simple"},"acf":[],"aioseo_notices":[],"_links":{"self":[{"href":"https:\/\/steelmax.com\/es\/wp-json\/wp\/v2\/product\/10220","targetHints":{"allow":["GET"]}}],"collection":[{"href":"https:\/\/steelmax.com\/es\/wp-json\/wp\/v2\/product"}],"about":[{"href":"https:\/\/steelmax.com\/es\/wp-json\/wp\/v2\/types\/product"}],"wp:featuredmedia":[{"embeddable":true,"href":"https:\/\/steelmax.com\/es\/wp-json\/wp\/v2\/media\/10590"}],"wp:attachment":[{"href":"https:\/\/steelmax.com\/es\/wp-json\/wp\/v2\/media?parent=10220"}],"wp:term":[{"taxonomy":"product_brand","embeddable":true,"href":"https:\/\/steelmax.com\/es\/wp-json\/wp\/v2\/product_brand?post=10220"},{"taxonomy":"product_cat","embeddable":true,"href":"https:\/\/steelmax.com\/es\/wp-json\/wp\/v2\/product_cat?post=10220"},{"taxonomy":"product_tag","embeddable":true,"href":"https:\/\/steelmax.com\/es\/wp-json\/wp\/v2\/product_tag?post=10220"}],"curies":[{"name":"wp","href":"https:\/\/api.w.org\/{rel}","templated":true}]}}