{"id":5812,"date":"2019-01-17T18:52:41","date_gmt":"2019-01-17T23:52:41","guid":{"rendered":"https:\/\/steelmax.com\/?page_id=5812"},"modified":"2021-07-24T12:33:51","modified_gmt":"2021-07-24T17:33:51","slug":"automatic-plate-bevelers","status":"publish","type":"page","link":"https:\/\/steelmax.com\/es\/automatic-plate-bevelers\/","title":{"rendered":"Biseladoras de placas autom\u00e1ticas"},"content":{"rendered":"<div class=\"fusion-fullwidth fullwidth-box fusion-builder-row-1 fusion-flex-container nonhundred-percent-fullwidth non-hundred-percent-height-scrolling\" style=\"--awb-border-radius-top-left:0px;--awb-border-radius-top-right:0px;--awb-border-radius-bottom-right:0px;--awb-border-radius-bottom-left:0px;--awb-flex-wrap:wrap;\" ><div class=\"fusion-builder-row fusion-row fusion-flex-align-items-flex-start fusion-flex-content-wrap\" style=\"max-width:1560px;margin-left: calc(-4% \/ 2 );margin-right: calc(-4% \/ 2 );\"><div class=\"fusion-layout-column fusion_builder_column fusion-builder-column-0 fusion_builder_column_1_1 1_1 fusion-flex-column\" style=\"--awb-bg-size:cover;--awb-width-large:100%;--awb-margin-top-large:0px;--awb-spacing-right-large:1.92%;--awb-margin-bottom-large:0px;--awb-spacing-left-large:1.92%;--awb-width-medium:100%;--awb-spacing-right-medium:1.92%;--awb-spacing-left-medium:1.92%;--awb-width-small:100%;--awb-spacing-right-small:1.92%;--awb-spacing-left-small:1.92%;\"><div class=\"fusion-column-wrapper fusion-flex-justify-content-flex-start fusion-content-layout-column\"><div class=\"fusion-text fusion-text-1\"><h1><strong>Biseladoras de placas autom\u00e1ticas<\/strong><\/h1>\n<p><a href=\"mailto: sales@steelmax.com\">Contactanos en<\/a> 303-690-9146 para obtener la mejor soluci\u00f3n para su aplicaci\u00f3n.<\/p>\n<p>&nbsp;<\/p>\n<div class=\"steel_cat\"><div class=\"post-14182 product\"><a class=\"image\" href=\"https:\/\/steelmax.com\/es\/producto\/abm-50-dd-vario\/\"><div class=\"crossfade-images\"><img decoding=\"async\" width=\"1400\" height=\"2134\" src=\"https:\/\/steelmax.com\/wp-content\/uploads\/2025\/05\/ABM-50-DD-Vario-profile-Steelmax-Version-Web.png\" class=\"attachment-post-thumbnail size-post-thumbnail wp-post-image\" alt=\"Industrial Beveling Machine\" srcset=\"https:\/\/steelmax.com\/wp-content\/uploads\/2025\/05\/ABM-50-DD-Vario-profile-Steelmax-Version-Web-8x12.png 8w, https:\/\/steelmax.com\/wp-content\/uploads\/2025\/05\/ABM-50-DD-Vario-profile-Steelmax-Version-Web-200x305.png 200w, https:\/\/steelmax.com\/wp-content\/uploads\/2025\/05\/ABM-50-DD-Vario-profile-Steelmax-Version-Web-400x610.png 400w, https:\/\/steelmax.com\/wp-content\/uploads\/2025\/05\/ABM-50-DD-Vario-profile-Steelmax-Version-Web-600x915.png 600w, https:\/\/steelmax.com\/wp-content\/uploads\/2025\/05\/ABM-50-DD-Vario-profile-Steelmax-Version-Web-700x1067.png 700w, https:\/\/steelmax.com\/wp-content\/uploads\/2025\/05\/ABM-50-DD-Vario-profile-Steelmax-Version-Web-768x1171.png 768w, https:\/\/steelmax.com\/wp-content\/uploads\/2025\/05\/ABM-50-DD-Vario-profile-Steelmax-Version-Web-800x1219.png 800w, https:\/\/steelmax.com\/wp-content\/uploads\/2025\/05\/ABM-50-DD-Vario-profile-Steelmax-Version-Web-1008x1536.png 1008w, https:\/\/steelmax.com\/wp-content\/uploads\/2025\/05\/ABM-50-DD-Vario-profile-Steelmax-Version-Web-1100x1677.png 1100w, https:\/\/steelmax.com\/wp-content\/uploads\/2025\/05\/ABM-50-DD-Vario-profile-Steelmax-Version-Web-1200x1829.png 1200w, https:\/\/steelmax.com\/wp-content\/uploads\/2025\/05\/ABM-50-DD-Vario-profile-Steelmax-Version-Web-1344x2048.png 1344w, https:\/\/steelmax.com\/wp-content\/uploads\/2025\/05\/ABM-50-DD-Vario-profile-Steelmax-Version-Web.png 1400w\" sizes=\"(max-width: 1400px) 100vw, 1400px\" \/><\/div><\/a><div class=\"prod_content\"><h3 class=\"product-title\"><a class=\"title\" href=\"https:\/\/steelmax.com\/es\/producto\/abm-50-dd-vario\/\">ABM 50 DD VS-Biseladora de placas de alimentaci\u00f3n autom\u00e1tica<\/a><\/h3><p class=\"read_more\"><a class=\"sm_button blue\" href=\"https:\/\/steelmax.com\/es\/producto\/abm-50-dd-vario\/\">LEE MAS<\/a><\/p><\/div><\/div><div class=\"post-14100 product\"><a class=\"image\" href=\"https:\/\/steelmax.com\/es\/producto\/bm-25-stainless-portable-plate-beveling-machine\/\"><div class=\"crossfade-images\"><img decoding=\"async\" width=\"1800\" height=\"1534\" src=\"https:\/\/steelmax.com\/wp-content\/uploads\/2025\/05\/BM-25S-steelmax-Web.png\" class=\"attachment-post-thumbnail size-post-thumbnail wp-post-image\" alt=\"handheld electric plate beveling machine\" srcset=\"https:\/\/steelmax.com\/wp-content\/uploads\/2025\/05\/BM-25S-steelmax-Web-14x12.png 14w, https:\/\/steelmax.com\/wp-content\/uploads\/2025\/05\/BM-25S-steelmax-Web-200x170.png 200w, https:\/\/steelmax.com\/wp-content\/uploads\/2025\/05\/BM-25S-steelmax-Web-400x341.png 400w, https:\/\/steelmax.com\/wp-content\/uploads\/2025\/05\/BM-25S-steelmax-Web-600x511.png 600w, https:\/\/steelmax.com\/wp-content\/uploads\/2025\/05\/BM-25S-steelmax-Web-700x597.png 700w, https:\/\/steelmax.com\/wp-content\/uploads\/2025\/05\/BM-25S-steelmax-Web-768x655.png 768w, https:\/\/steelmax.com\/wp-content\/uploads\/2025\/05\/BM-25S-steelmax-Web-800x682.png 800w, https:\/\/steelmax.com\/wp-content\/uploads\/2025\/05\/BM-25S-steelmax-Web-1100x937.png 1100w, https:\/\/steelmax.com\/wp-content\/uploads\/2025\/05\/BM-25S-steelmax-Web-1200x1023.png 1200w, https:\/\/steelmax.com\/wp-content\/uploads\/2025\/05\/BM-25S-steelmax-Web-1536x1309.png 1536w, https:\/\/steelmax.com\/wp-content\/uploads\/2025\/05\/BM-25S-steelmax-Web.png 1800w\" sizes=\"(max-width: 1800px) 100vw, 1800px\" \/><\/div><\/a><div class=\"prod_content\"><h3 class=\"product-title\"><a class=\"title\" href=\"https:\/\/steelmax.com\/es\/producto\/bm-25-stainless-portable-plate-beveling-machine\/\">Biseladora de chapas BM-25S para acero inoxidable<\/a><\/h3><ul>\r\n \t<li>Ajuste continuo del ancho del bisel de 0 a 90 grados<\/li>\r\n \t<li>Juego de gu\u00edas y rodillos de acero inoxidable giratorios 360 grados<\/li>\r\n \t<li>Las placas gu\u00eda de precisi\u00f3n garantizan un rendimiento de corte preciso y repetible<\/li>\r\n \t<li>Protecci\u00f3n de sobrecarga del motor<\/li>\r\n \t<li>Velocidad de husillo variable<\/li>\r\n \t<li>Potente motor de 2200 W<\/li>\r\n \t<li>Bisel m\u00e1ximo de 1\u201d(25) mm<\/li>\r\n \t<li>Mango y agarre ajustables para un funcionamiento ergon\u00f3mico.<\/li>\r\n<\/ul><p class=\"read_more\"><a class=\"sm_button blue\" href=\"https:\/\/steelmax.com\/es\/producto\/bm-25-stainless-portable-plate-beveling-machine\/\">LEE MAS<\/a><\/p><\/div><\/div><div class=\"post-13419 product\"><a class=\"image\" href=\"https:\/\/steelmax.com\/es\/producto\/abm-29-double-sided-industrial-beveling-machine\/\"><div class=\"crossfade-images\"><img decoding=\"async\" width=\"1680\" height=\"1680\" src=\"https:\/\/steelmax.com\/wp-content\/uploads\/2024\/07\/ABM-29-SteelmaxWeb.png\" class=\"attachment-post-thumbnail size-post-thumbnail wp-post-image\" alt=\"mobile industrial metal cutting machine on wheeled frame\" srcset=\"https:\/\/steelmax.com\/wp-content\/uploads\/2024\/07\/ABM-29-SteelmaxWeb-12x12.png 12w, https:\/\/steelmax.com\/wp-content\/uploads\/2024\/07\/ABM-29-SteelmaxWeb-66x66.png 66w, https:\/\/steelmax.com\/wp-content\/uploads\/2024\/07\/ABM-29-SteelmaxWeb-100x100.png 100w, https:\/\/steelmax.com\/wp-content\/uploads\/2024\/07\/ABM-29-SteelmaxWeb-200x200.png 200w, https:\/\/steelmax.com\/wp-content\/uploads\/2024\/07\/ABM-29-SteelmaxWeb-400x400.png 400w, https:\/\/steelmax.com\/wp-content\/uploads\/2024\/07\/ABM-29-SteelmaxWeb-500x500.png 500w, https:\/\/steelmax.com\/wp-content\/uploads\/2024\/07\/ABM-29-SteelmaxWeb-600x600.png 600w, https:\/\/steelmax.com\/wp-content\/uploads\/2024\/07\/ABM-29-SteelmaxWeb-700x700.png 700w, https:\/\/steelmax.com\/wp-content\/uploads\/2024\/07\/ABM-29-SteelmaxWeb-768x768.png 768w, https:\/\/steelmax.com\/wp-content\/uploads\/2024\/07\/ABM-29-SteelmaxWeb-800x800.png 800w, https:\/\/steelmax.com\/wp-content\/uploads\/2024\/07\/ABM-29-SteelmaxWeb-1100x1100.png 1100w, https:\/\/steelmax.com\/wp-content\/uploads\/2024\/07\/ABM-29-SteelmaxWeb-1200x1200.png 1200w, https:\/\/steelmax.com\/wp-content\/uploads\/2024\/07\/ABM-29-SteelmaxWeb-1536x1536.png 1536w, https:\/\/steelmax.com\/wp-content\/uploads\/2024\/07\/ABM-29-SteelmaxWeb.png 1680w\" sizes=\"(max-width: 1680px) 100vw, 1680px\" \/><\/div><\/a><div class=\"prod_content\"><h3 class=\"product-title\"><a class=\"title\" href=\"https:\/\/steelmax.com\/es\/producto\/abm-29-double-sided-industrial-beveling-machine\/\">M\u00e1quina biseladora de placas y tubos de doble cara con alimentaci\u00f3n autom\u00e1tica ABM 29<\/a><\/h3><h2>Caracter\u00edsticas:<\/h2>\r\n<strong>Anchura del bisel<\/strong>: Consigue hasta 20 mm en una sola pasada y un m\u00e1ximo de 40 mm con varias pasadas.\r\n<strong>Fresado ajustable<\/strong>: Ajuste continuo de la altura de fresado y la anchura del bisel.\r\n<strong>\u00c1ngulo de bisel variable<\/strong>: Ajustable entre 20 y 45 grados.\r\n<strong>Carro integrado<\/strong>: Facilita el biselado superior e inferior con ajuste de altura de 685 a 1000 mm (27 a 39 pulgadas).\r\n<strong>Funcionamiento estacionario<\/strong>: Adecuado para el mecanizado de piezas peque\u00f1as.\r\n<strong>Mecanizado de tubos<\/strong>: Capaz de mecanizar tubos con un di\u00e1metro interior m\u00ednimo de 6 pulgadas.\r\n<strong>Protecci\u00f3n contra sobrecargas<\/strong>: Garantiza un funcionamiento seguro.\r\n<strong>Modo de marcha atr\u00e1s<\/strong>: Libera las herramientas atascadas.\r\n<strong>Funcionamiento silencioso<\/strong>: Dise\u00f1ado para funcionar silenciosamente.\r\n\r\n&nbsp;<p class=\"read_more\"><a class=\"sm_button blue\" href=\"https:\/\/steelmax.com\/es\/producto\/abm-29-double-sided-industrial-beveling-machine\/\">LEE MAS<\/a><\/p><\/div><\/div><div class=\"post-13189 product\"><a class=\"image\" href=\"https:\/\/steelmax.com\/es\/producto\/bm30-portable-weld-bead-shaver\/\"><div class=\"crossfade-images\"><img decoding=\"async\" width=\"2048\" height=\"1235\" src=\"https:\/\/steelmax.com\/wp-content\/uploads\/2024\/07\/BM-30-WBS-Web.png\" class=\"attachment-post-thumbnail size-post-thumbnail wp-post-image\" alt=\"portable pipe beveling tool with adjustable base\" srcset=\"https:\/\/steelmax.com\/wp-content\/uploads\/2024\/07\/BM-30-WBS-Web-18x12.png 18w, https:\/\/steelmax.com\/wp-content\/uploads\/2024\/07\/BM-30-WBS-Web-200x121.png 200w, https:\/\/steelmax.com\/wp-content\/uploads\/2024\/07\/BM-30-WBS-Web-400x241.png 400w, https:\/\/steelmax.com\/wp-content\/uploads\/2024\/07\/BM-30-WBS-Web-600x362.png 600w, https:\/\/steelmax.com\/wp-content\/uploads\/2024\/07\/BM-30-WBS-Web-700x422.png 700w, https:\/\/steelmax.com\/wp-content\/uploads\/2024\/07\/BM-30-WBS-Web-768x463.png 768w, https:\/\/steelmax.com\/wp-content\/uploads\/2024\/07\/BM-30-WBS-Web-800x483.png 800w, https:\/\/steelmax.com\/wp-content\/uploads\/2024\/07\/BM-30-WBS-Web-1100x664.png 1100w, https:\/\/steelmax.com\/wp-content\/uploads\/2024\/07\/BM-30-WBS-Web-1200x724.png 1200w, https:\/\/steelmax.com\/wp-content\/uploads\/2024\/07\/BM-30-WBS-Web-1536x926.png 1536w, https:\/\/steelmax.com\/wp-content\/uploads\/2024\/07\/BM-30-WBS-Web.png 2048w\" sizes=\"(max-width: 2048px) 100vw, 2048px\" \/><\/div><\/a><div class=\"prod_content\"><h3 class=\"product-title\"><a class=\"title\" href=\"https:\/\/steelmax.com\/es\/producto\/bm30-portable-weld-bead-shaver\/\">Afeitadora port\u00e1til de cordones de soldadura BM-30 WBS<\/a><\/h3>- Fresado de cordones de soldadura de hasta 11 mm (1\/2\") de alto y 30 mm (1-3\/16\") de ancho\r\n- Control electr\u00f3nico de velocidad entre 1800-5850 rpm\r\n- Dise\u00f1o ergon\u00f3mico para mayor comodidad durante el trabajo\r\n- Cabezal de fresado con 5 piezas de corte indexables de 2 caras\r\n- Ajuste continuo de la altura de fresado\r\n- Protecci\u00f3n contra sobrecarga<p class=\"read_more\"><a class=\"sm_button blue\" href=\"https:\/\/steelmax.com\/es\/producto\/bm30-portable-weld-bead-shaver\/\">LEE MAS<\/a><\/p><\/div><\/div><div class=\"post-12263 product\"><a class=\"image\" href=\"https:\/\/steelmax.com\/es\/producto\/abm30-beveler\/\"><div class=\"crossfade-images\"><img decoding=\"async\" width=\"1590\" height=\"2400\" src=\"https:\/\/steelmax.com\/wp-content\/uploads\/2023\/08\/ABM-30-SteelmaxWEB.png\" class=\"attachment-post-thumbnail size-post-thumbnail wp-post-image\" alt=\"portable metal edge beveling machine\" srcset=\"https:\/\/steelmax.com\/wp-content\/uploads\/2023\/08\/ABM-30-SteelmaxWEB-8x12.png 8w, https:\/\/steelmax.com\/wp-content\/uploads\/2023\/08\/ABM-30-SteelmaxWEB-200x302.png 200w, https:\/\/steelmax.com\/wp-content\/uploads\/2023\/08\/ABM-30-SteelmaxWEB-400x604.png 400w, https:\/\/steelmax.com\/wp-content\/uploads\/2023\/08\/ABM-30-SteelmaxWEB-600x906.png 600w, https:\/\/steelmax.com\/wp-content\/uploads\/2023\/08\/ABM-30-SteelmaxWEB-700x1057.png 700w, https:\/\/steelmax.com\/wp-content\/uploads\/2023\/08\/ABM-30-SteelmaxWEB-768x1159.png 768w, https:\/\/steelmax.com\/wp-content\/uploads\/2023\/08\/ABM-30-SteelmaxWEB-800x1208.png 800w, https:\/\/steelmax.com\/wp-content\/uploads\/2023\/08\/ABM-30-SteelmaxWEB-1018x1536.png 1018w, https:\/\/steelmax.com\/wp-content\/uploads\/2023\/08\/ABM-30-SteelmaxWEB-1100x1660.png 1100w, https:\/\/steelmax.com\/wp-content\/uploads\/2023\/08\/ABM-30-SteelmaxWEB-1200x1811.png 1200w, https:\/\/steelmax.com\/wp-content\/uploads\/2023\/08\/ABM-30-SteelmaxWEB-1357x2048.png 1357w, https:\/\/steelmax.com\/wp-content\/uploads\/2023\/08\/ABM-30-SteelmaxWEB.png 1590w\" sizes=\"(max-width: 1590px) 100vw, 1590px\" \/><\/div><\/a><div class=\"prod_content\"><h3 class=\"product-title\"><a class=\"title\" href=\"https:\/\/steelmax.com\/es\/producto\/abm30-beveler\/\">M\u00e1quina biseladora autom\u00e1tica de placas de doble cara ABM 30<\/a><\/h3>M\u00e1quina biseladora ABM-30 (alimentaci\u00f3n autom\u00e1tica)\r\n\r\n- Protecci\u00f3n contra sobrecarga incorporada\r\n- Biseladora port\u00e1til que puede desplazarse f\u00e1cilmente por todo el\r\nel taller\r\n- Indicaci\u00f3n de la direcci\u00f3n de avance\r\n- Detecci\u00f3n de material\r\n- Gr\u00e1fico de barras para la ilustraci\u00f3n de la carga del motor<p class=\"read_more\"><a class=\"sm_button blue\" href=\"https:\/\/steelmax.com\/es\/producto\/abm30-beveler\/\">LEE MAS<\/a><\/p><\/div><\/div><div class=\"post-11826 product\"><a class=\"image\" href=\"https:\/\/steelmax.com\/es\/producto\/bm25-portable-beveling-machine\/\"><div class=\"crossfade-images\"><img decoding=\"async\" width=\"1900\" height=\"1273\" src=\"https:\/\/steelmax.com\/wp-content\/uploads\/2023\/02\/BM-25-SteelmaxWEB.png\" class=\"attachment-post-thumbnail size-post-thumbnail wp-post-image\" alt=\"Steelmax Portable Automatic Beveling Machine\" srcset=\"https:\/\/steelmax.com\/wp-content\/uploads\/2023\/02\/BM-25-SteelmaxWEB-18x12.png 18w, https:\/\/steelmax.com\/wp-content\/uploads\/2023\/02\/BM-25-SteelmaxWEB-200x134.png 200w, https:\/\/steelmax.com\/wp-content\/uploads\/2023\/02\/BM-25-SteelmaxWEB-400x268.png 400w, https:\/\/steelmax.com\/wp-content\/uploads\/2023\/02\/BM-25-SteelmaxWEB-600x402.png 600w, https:\/\/steelmax.com\/wp-content\/uploads\/2023\/02\/BM-25-SteelmaxWEB-700x469.png 700w, https:\/\/steelmax.com\/wp-content\/uploads\/2023\/02\/BM-25-SteelmaxWEB-768x515.png 768w, https:\/\/steelmax.com\/wp-content\/uploads\/2023\/02\/BM-25-SteelmaxWEB-800x536.png 800w, https:\/\/steelmax.com\/wp-content\/uploads\/2023\/02\/BM-25-SteelmaxWEB-1100x737.png 1100w, https:\/\/steelmax.com\/wp-content\/uploads\/2023\/02\/BM-25-SteelmaxWEB-1200x804.png 1200w, https:\/\/steelmax.com\/wp-content\/uploads\/2023\/02\/BM-25-SteelmaxWEB-1536x1029.png 1536w, https:\/\/steelmax.com\/wp-content\/uploads\/2023\/02\/BM-25-SteelmaxWEB.png 1900w\" sizes=\"(max-width: 1900px) 100vw, 1900px\" \/><\/div><\/a><div class=\"prod_content\"><h3 class=\"product-title\"><a class=\"title\" href=\"https:\/\/steelmax.com\/es\/producto\/bm25-portable-beveling-machine\/\">Biseladora de placas port\u00e1til BM 25<\/a><\/h3><ul>\r\n \t<li>Ajuste continuo del ancho del bisel de 0 a 90 grados<\/li>\r\n \t<li>El juego de gu\u00edas con rodillos se puede girar 360 grados.<\/li>\r\n \t<li>Las placas gu\u00eda de precisi\u00f3n garantizan un rendimiento de corte preciso y repetible<\/li>\r\n \t<li>Protecci\u00f3n de sobrecarga del motor<\/li>\r\n \t<li>Velocidad de husillo variable<\/li>\r\n \t<li>Potente motor de 2200 W<\/li>\r\n \t<li>Bisel m\u00e1ximo de 1\u201d(25) mm<\/li>\r\n \t<li>Mango y agarre ajustables para un funcionamiento ergon\u00f3mico.<\/li>\r\n<\/ul><p class=\"read_more\"><a class=\"sm_button blue\" href=\"https:\/\/steelmax.com\/es\/producto\/bm25-portable-beveling-machine\/\">LEE MAS<\/a><\/p><\/div><\/div><div class=\"post-6440 product\"><a class=\"image\" href=\"https:\/\/steelmax.com\/es\/producto\/abm-50-double-sided-beveling-machine-lp\/\"><div class=\"crossfade-images\"><img decoding=\"async\" width=\"530\" height=\"800\" src=\"https:\/\/steelmax.com\/wp-content\/uploads\/2019\/02\/ABM50-e1578002841374.jpg\" class=\"attachment-post-thumbnail size-post-thumbnail wp-post-image\" alt=\"abm50\" \/><\/div><\/a><div class=\"prod_content\"><h3 class=\"product-title\"><a class=\"title\" href=\"https:\/\/steelmax.com\/es\/producto\/abm-50-double-sided-beveling-machine-lp\/\">M\u00e1quina biseladora de placas con alimentaci\u00f3n autom\u00e1tica doble cara ABM 50 con carro<\/a><\/h3><p class=\"read_more\"><a class=\"sm_button blue\" href=\"https:\/\/steelmax.com\/es\/producto\/abm-50-double-sided-beveling-machine-lp\/\">LEE MAS<\/a><\/p><\/div><\/div><div class=\"post-5234 product\"><a class=\"image\" href=\"https:\/\/steelmax.com\/es\/producto\/abm1218-fr-double-sided-plate-pipe-beveling-machine\/\"><div class=\"crossfade-images\"><img decoding=\"async\" width=\"600\" height=\"550\" src=\"https:\/\/steelmax.com\/wp-content\/uploads\/2018\/12\/Website-Product-Image-Template-Size.jpg\" class=\"attachment-post-thumbnail size-post-thumbnail wp-post-image\" alt=\"steelmax portable hydraulic power unit in protective frame\" srcset=\"https:\/\/steelmax.com\/wp-content\/uploads\/2018\/12\/Website-Product-Image-Template-Size-151x138.jpg 151w, https:\/\/steelmax.com\/wp-content\/uploads\/2018\/12\/Website-Product-Image-Template-Size-275x252.jpg 275w, https:\/\/steelmax.com\/wp-content\/uploads\/2018\/12\/Website-Product-Image-Template-Size-450x413.jpg 450w, https:\/\/steelmax.com\/wp-content\/uploads\/2018\/12\/Website-Product-Image-Template-Size.jpg 600w\" sizes=\"(max-width: 600px) 100vw, 600px\" \/><\/div><\/a><div class=\"prod_content\"><h3 class=\"product-title\"><a class=\"title\" href=\"https:\/\/steelmax.com\/es\/producto\/abm1218-fr-double-sided-plate-pipe-beveling-machine\/\">ABM1218 FR M\u00e1quina biseladora de tubos \/ placas de doble cara<\/a><\/h3><ul>\r\n \t<li>La inversi\u00f3n de 180 \u00b0 permite la creaci\u00f3n r\u00e1pida y sencilla de biseles de doble cara<\/li>\r\n \t<li>Reduce dr\u00e1sticamente los costos de manipulaci\u00f3n de materiales y mejora la seguridad.<\/li>\r\n \t<li>Las ruedas de corte de cizalla son duraderas, silenciosas y r\u00e1pidas: biselan hasta 8.5 pies \/ min \u2022<\/li>\r\n \t<li>M\u00e1quina port\u00e1til que se puede mover f\u00e1cilmente por la tienda<\/li>\r\n<\/ul><p class=\"read_more\"><a class=\"sm_button blue\" href=\"https:\/\/steelmax.com\/es\/producto\/abm1218-fr-double-sided-plate-pipe-beveling-machine\/\">LEE MAS<\/a><\/p><\/div><\/div><div class=\"post-4710 product\"><a class=\"image\" href=\"https:\/\/steelmax.com\/es\/producto\/sbm-500-stationary-beveling-machine\/\"><div class=\"crossfade-images\"><img decoding=\"async\" width=\"600\" height=\"711\" src=\"https:\/\/steelmax.com\/wp-content\/uploads\/2017\/08\/SBM-500-Main-e1515103500853.png\" class=\"attachment-post-thumbnail size-post-thumbnail wp-post-image\" alt=\"SBM 500 Stationary Beveling Machine\" srcset=\"https:\/\/steelmax.com\/wp-content\/uploads\/2017\/08\/SBM-500-Main-e1515103500853-450x533.png 450w, https:\/\/steelmax.com\/wp-content\/uploads\/2017\/08\/SBM-500-Main-e1515103500853.png 600w\" sizes=\"(max-width: 600px) 100vw, 600px\" \/><\/div><\/a><div class=\"prod_content\"><h3 class=\"product-title\"><a class=\"title\" href=\"https:\/\/steelmax.com\/es\/producto\/sbm-500-stationary-beveling-machine\/\">Biseladora estacionaria SBM 500<\/a><\/h3><ul>\r\n \t<li>Potente motor el\u00e9ctrico de 7.500 vatios para un funcionamiento continuo<\/li>\r\n \t<li>Alimentaci\u00f3n autom\u00e1tica variable para biselar materiales ferrosos y no ferrosos<\/li>\r\n \t<li>\u00c1ngulo de bisel continuamente ajustable de 15 a 60 grados<\/li>\r\n \t<li>Ajuste sencillo de la profundidad de corte<\/li>\r\n<\/ul><p class=\"read_more\"><a class=\"sm_button blue\" href=\"https:\/\/steelmax.com\/es\/producto\/sbm-500-stationary-beveling-machine\/\">LEE MAS<\/a><\/p><\/div><\/div><\/div>\n<\/div><\/div><\/div><\/div><\/div>","protected":false},"excerpt":{"rendered":"","protected":false},"author":39,"featured_media":0,"parent":0,"menu_order":0,"comment_status":"closed","ping_status":"closed","template":"","meta":{"_acf_changed":false,"content-type":"","footnotes":""},"class_list":["post-5812","page","type-page","status-publish","hentry"],"acf":[],"aioseo_notices":[],"_links":{"self":[{"href":"https:\/\/steelmax.com\/es\/wp-json\/wp\/v2\/pages\/5812","targetHints":{"allow":["GET"]}}],"collection":[{"href":"https:\/\/steelmax.com\/es\/wp-json\/wp\/v2\/pages"}],"about":[{"href":"https:\/\/steelmax.com\/es\/wp-json\/wp\/v2\/types\/page"}],"author":[{"embeddable":true,"href":"https:\/\/steelmax.com\/es\/wp-json\/wp\/v2\/users\/39"}],"replies":[{"embeddable":true,"href":"https:\/\/steelmax.com\/es\/wp-json\/wp\/v2\/comments?post=5812"}],"version-history":[{"count":0,"href":"https:\/\/steelmax.com\/es\/wp-json\/wp\/v2\/pages\/5812\/revisions"}],"wp:attachment":[{"href":"https:\/\/steelmax.com\/es\/wp-json\/wp\/v2\/media?parent=5812"}],"curies":[{"name":"wp","href":"https:\/\/api.w.org\/{rel}","templated":true}]}}