{"id":5027,"date":"2018-04-10T01:04:11","date_gmt":"2018-04-10T06:04:11","guid":{"rendered":"https:\/\/www.steelmax.com\/?page_id=5027"},"modified":"2019-05-31T13:03:31","modified_gmt":"2019-05-31T18:03:31","slug":"manual-plate-bevelers","status":"publish","type":"page","link":"https:\/\/steelmax.com\/es\/plate-pipe-beveling-solutions\/plate-bevelers-new-layout\/manual-plate-bevelers\/","title":{"rendered":"Biseladoras de placas manuales"},"content":{"rendered":"<h1 class=\"section-name\"><strong>Biseladoras de placas manuales<\/strong><\/h1>\n<p>El taller de soldadura del 21<sup>S t<\/sup> Century tiene a su disposici\u00f3n muchas nuevas tecnolog\u00edas innovadoras para mejorar la productividad. Los avances en el control de procesos, la automatizaci\u00f3n, los metales de aportaci\u00f3n y los gases de protecci\u00f3n se han producido a un ritmo r\u00e1pido. La implementaci\u00f3n de estos avances puede conducir a ahorros de costos significativos, mejora de la calidad y reducci\u00f3n de retrabajos para muchos talleres. Sin embargo, es muy importante recordar que incluso con estos avances, los fundamentos b\u00e1sicos de la soldadura siguen siendo la clave para tener una operaci\u00f3n exitosa.<\/p>\n<p>Steelmax ofrece una l\u00ednea completa de soluciones de biselado de placas y tuber\u00edas para satisfacer incluso los requisitos de fabricaci\u00f3n de acero m\u00e1s exigentes. Desde m\u00e1quinas manuales hasta grandes m\u00e1quinas autom\u00e1ticas, Steelmax lo tiene cubierto.<\/p>\n<p>&nbsp;<\/p>\n<div class=\"steel_cat\"><div class=\"post-11980 product\"><a class=\"image\" href=\"https:\/\/steelmax.com\/es\/producto\/bm18-portable-beveling-machine\/\"><div class=\"crossfade-images\"><img decoding=\"async\" width=\"1420\" height=\"2000\" src=\"https:\/\/steelmax.com\/wp-content\/uploads\/2023\/03\/BM-18-SteelmaxWEB.png\" class=\"attachment-post-thumbnail size-post-thumbnail wp-post-image\" alt=\"Steelmax Portable Beveler\" srcset=\"https:\/\/steelmax.com\/wp-content\/uploads\/2023\/03\/BM-18-SteelmaxWEB-9x12.png 9w, https:\/\/steelmax.com\/wp-content\/uploads\/2023\/03\/BM-18-SteelmaxWEB-200x282.png 200w, https:\/\/steelmax.com\/wp-content\/uploads\/2023\/03\/BM-18-SteelmaxWEB-400x563.png 400w, https:\/\/steelmax.com\/wp-content\/uploads\/2023\/03\/BM-18-SteelmaxWEB-600x845.png 600w, https:\/\/steelmax.com\/wp-content\/uploads\/2023\/03\/BM-18-SteelmaxWEB-700x986.png 700w, https:\/\/steelmax.com\/wp-content\/uploads\/2023\/03\/BM-18-SteelmaxWEB-768x1082.png 768w, https:\/\/steelmax.com\/wp-content\/uploads\/2023\/03\/BM-18-SteelmaxWEB-800x1127.png 800w, https:\/\/steelmax.com\/wp-content\/uploads\/2023\/03\/BM-18-SteelmaxWEB-1091x1536.png 1091w, https:\/\/steelmax.com\/wp-content\/uploads\/2023\/03\/BM-18-SteelmaxWEB-1100x1549.png 1100w, https:\/\/steelmax.com\/wp-content\/uploads\/2023\/03\/BM-18-SteelmaxWEB-1200x1690.png 1200w, https:\/\/steelmax.com\/wp-content\/uploads\/2023\/03\/BM-18-SteelmaxWEB.png 1420w\" sizes=\"(max-width: 1420px) 100vw, 1420px\" \/><\/div><\/a><div class=\"prod_content\"><h3 class=\"product-title\"><a class=\"title\" href=\"https:\/\/steelmax.com\/es\/producto\/bm18-portable-beveling-machine\/\">Biseladora port\u00e1til BM18<\/a><\/h3><ul>\r\n \t<li>M\u00e1quina biseladora de alta eficiencia: hasta 10 veces m\u00e1s r\u00e1pida que el rectificado<\/li>\r\n \t<li>No produce polvo peligroso, lo que mejora enormemente el entorno de trabajo.<\/li>\r\n \t<li>La placa de gu\u00eda y las gu\u00edas de los rodillos aseguran \u00e1ngulos de bisel consistentes y altamente precisos<\/li>\r\n \t<li>El dise\u00f1o ergon\u00f3mico ligero reduce la fatiga del trabajador<\/li>\r\n<\/ul><p class=\"read_more\"><a class=\"sm_button blue\" href=\"https:\/\/steelmax.com\/es\/producto\/bm18-portable-beveling-machine\/\">LEE MAS<\/a><\/p><\/div><\/div><div class=\"post-4545 product\"><a class=\"image\" href=\"https:\/\/steelmax.com\/es\/producto\/bm7-compact-plate-and-pipe-beveling-machine\/\"><div class=\"crossfade-images\"><img decoding=\"async\" width=\"2048\" height=\"1873\" src=\"https:\/\/steelmax.com\/wp-content\/uploads\/2018\/04\/BM_7-Steelmax.png\" class=\"attachment-post-thumbnail size-post-thumbnail wp-post-image\" alt=\"bm7 compact plate and pipe beveling machine\" srcset=\"https:\/\/steelmax.com\/wp-content\/uploads\/2018\/04\/BM_7-Steelmax-13x12.png 13w, https:\/\/steelmax.com\/wp-content\/uploads\/2018\/04\/BM_7-Steelmax-200x183.png 200w, https:\/\/steelmax.com\/wp-content\/uploads\/2018\/04\/BM_7-Steelmax-400x366.png 400w, https:\/\/steelmax.com\/wp-content\/uploads\/2018\/04\/BM_7-Steelmax-600x549.png 600w, https:\/\/steelmax.com\/wp-content\/uploads\/2018\/04\/BM_7-Steelmax-700x640.png 700w, https:\/\/steelmax.com\/wp-content\/uploads\/2018\/04\/BM_7-Steelmax-768x702.png 768w, https:\/\/steelmax.com\/wp-content\/uploads\/2018\/04\/BM_7-Steelmax-800x732.png 800w, https:\/\/steelmax.com\/wp-content\/uploads\/2018\/04\/BM_7-Steelmax-1100x1006.png 1100w, https:\/\/steelmax.com\/wp-content\/uploads\/2018\/04\/BM_7-Steelmax-1200x1098.png 1200w, https:\/\/steelmax.com\/wp-content\/uploads\/2018\/04\/BM_7-Steelmax-1536x1405.png 1536w, https:\/\/steelmax.com\/wp-content\/uploads\/2018\/04\/BM_7-Steelmax.png 2048w\" sizes=\"(max-width: 2048px) 100vw, 2048px\" \/><\/div><\/a><div class=\"prod_content\"><h3 class=\"product-title\"><a class=\"title\" href=\"https:\/\/steelmax.com\/es\/producto\/bm7-compact-plate-and-pipe-beveling-machine\/\">Biseladora compacta de placas y tubos BM7<\/a><\/h3><ul>\r\n \t<li>Cabezal de fresado giratorio con 4 plaquitas de carburo recubierto de TiN indexables<\/li>\r\n \t<li>Bisel de 45 grados con ancho de bisel variable de hasta \u00bc \u201d(7 mm)<\/li>\r\n \t<li>Plaquitas de fresado de radio disponibles para radios de 2, 3, 4 y 5 mm<\/li>\r\n \t<li>Dise\u00f1o compacto y ergon\u00f3mico con mango acolchado<\/li>\r\n \t<li>Ajuste continuo de la anchura del bisel<\/li>\r\n<\/ul><p class=\"read_more\"><a class=\"sm_button blue\" href=\"https:\/\/steelmax.com\/es\/producto\/bm7-compact-plate-and-pipe-beveling-machine\/\">LEE MAS<\/a><\/p><\/div><\/div><div class=\"post-3586 product\"><a class=\"image\" href=\"https:\/\/steelmax.com\/es\/producto\/bm20-portable-beveling-machine\/\"><div class=\"crossfade-images\"><img decoding=\"async\" width=\"600\" height=\"600\" src=\"https:\/\/steelmax.com\/wp-content\/uploads\/2016\/03\/BM20-PLUS_0316_2.jpg\" class=\"attachment-post-thumbnail size-post-thumbnail wp-post-image\" alt=\"portable beveling machine\" srcset=\"https:\/\/steelmax.com\/wp-content\/uploads\/2016\/03\/BM20-PLUS_0316_2-100x100.jpg 100w, https:\/\/steelmax.com\/wp-content\/uploads\/2016\/03\/BM20-PLUS_0316_2-128x128.jpg 128w, https:\/\/steelmax.com\/wp-content\/uploads\/2016\/03\/BM20-PLUS_0316_2-151x151.jpg 151w, https:\/\/steelmax.com\/wp-content\/uploads\/2016\/03\/BM20-PLUS_0316_2-275x275.jpg 275w, https:\/\/steelmax.com\/wp-content\/uploads\/2016\/03\/BM20-PLUS_0316_2-500x500.jpg 500w, https:\/\/steelmax.com\/wp-content\/uploads\/2016\/03\/BM20-PLUS_0316_2.jpg 600w\" sizes=\"(max-width: 600px) 100vw, 600px\" \/><\/div><\/a><div class=\"prod_content\"><h3 class=\"product-title\"><a class=\"title\" href=\"https:\/\/steelmax.com\/es\/producto\/bm20-portable-beveling-machine\/\">Biseladora port\u00e1til BM20 PLUS<\/a><\/h3><ul>\r\n \t<li>M\u00e1quina port\u00e1til para trabajos pesados<\/li>\r\n \t<li>Equipado con rodillos gu\u00eda para una f\u00e1cil operaci\u00f3n<\/li>\r\n \t<li>Protecci\u00f3n autom\u00e1tica de sobrecarga del motor<\/li>\r\n \t<li>Equipado con dos cabezales de fresado para un funcionamiento suave y eficiente<\/li>\r\n<\/ul><p class=\"read_more\"><a class=\"sm_button blue\" href=\"https:\/\/steelmax.com\/es\/producto\/bm20-portable-beveling-machine\/\">LEE MAS<\/a><\/p><\/div><\/div><div class=\"post-3320 product\"><a class=\"image\" href=\"https:\/\/steelmax.com\/es\/producto\/bm21-portable-beveling-machine\/\"><div class=\"crossfade-images\"><img decoding=\"async\" width=\"600\" height=\"600\" src=\"https:\/\/steelmax.com\/wp-content\/uploads\/2015\/07\/b21-image-three.jpg\" class=\"attachment-post-thumbnail size-post-thumbnail wp-post-image\" alt=\"beveling machine\" srcset=\"https:\/\/steelmax.com\/wp-content\/uploads\/2015\/07\/b21-image-three-100x100.jpg 100w, https:\/\/steelmax.com\/wp-content\/uploads\/2015\/07\/b21-image-three-128x128.jpg 128w, https:\/\/steelmax.com\/wp-content\/uploads\/2015\/07\/b21-image-three-151x151.jpg 151w, https:\/\/steelmax.com\/wp-content\/uploads\/2015\/07\/b21-image-three-275x275.jpg 275w, https:\/\/steelmax.com\/wp-content\/uploads\/2015\/07\/b21-image-three-500x500.jpg 500w, https:\/\/steelmax.com\/wp-content\/uploads\/2015\/07\/b21-image-three.jpg 600w\" sizes=\"(max-width: 600px) 100vw, 600px\" \/><\/div><\/a><div class=\"prod_content\"><h3 class=\"product-title\"><a class=\"title\" href=\"https:\/\/steelmax.com\/es\/producto\/bm21-portable-beveling-machine\/\">Biseladora port\u00e1til BM21<\/a><\/h3><ul>\r\n \t<li>El cabezal de fresado \u00fanico que utiliza 10 plaquitas de carburo indexables produce biseles listos para soldar de forma r\u00e1pida y eficiente con poco esfuerzo del operador<\/li>\r\n \t<li>Cambio de plaquitas r\u00e1pido y sencillo sin necesidad de ajustes especiales<\/li>\r\n \t<li>Rango de trabajo de 0 a 60 grados con ajuste de \u00e1ngulo continuo<\/li>\r\n \t<li>Configuraci\u00f3n simple de \u00e1ngulo de bisel y ancho de bisel<\/li>\r\n<\/ul><p class=\"read_more\"><a class=\"sm_button blue\" href=\"https:\/\/steelmax.com\/es\/producto\/bm21-portable-beveling-machine\/\">LEE MAS<\/a><\/p><\/div><\/div><div class=\"post-4566 product\"><a class=\"image\" href=\"https:\/\/steelmax.com\/es\/producto\/bm21-ss-portable-beveling-machine-for-stainless-steel\/\"><div class=\"crossfade-images\"><img decoding=\"async\" width=\"576\" height=\"616\" src=\"https:\/\/steelmax.com\/wp-content\/uploads\/2017\/06\/BM21-SS-Portable-Beveling.jpg\" class=\"attachment-post-thumbnail size-post-thumbnail wp-post-image\" alt=\"BM21 SS Portable Beveling Machine for Stainless Steel\" srcset=\"https:\/\/steelmax.com\/wp-content\/uploads\/2017\/06\/BM21-SS-Portable-Beveling-151x161.jpg 151w, https:\/\/steelmax.com\/wp-content\/uploads\/2017\/06\/BM21-SS-Portable-Beveling-274x293.jpg 274w, https:\/\/steelmax.com\/wp-content\/uploads\/2017\/06\/BM21-SS-Portable-Beveling-275x294.jpg 275w, https:\/\/steelmax.com\/wp-content\/uploads\/2017\/06\/BM21-SS-Portable-Beveling-450x481.jpg 450w, https:\/\/steelmax.com\/wp-content\/uploads\/2017\/06\/BM21-SS-Portable-Beveling.jpg 576w\" sizes=\"(max-width: 576px) 100vw, 576px\" \/><\/div><\/a><div class=\"prod_content\"><h3 class=\"product-title\"><a class=\"title\" href=\"https:\/\/steelmax.com\/es\/producto\/bm21-ss-portable-beveling-machine-for-stainless-steel\/\">Biseladora port\u00e1til BM21 SS para acero inoxidable<\/a><\/h3><ul>\r\n \t<li>Todas las superficies de contacto de acero inoxidable para eliminar la contaminaci\u00f3n por carbono<\/li>\r\n \t<li>El cabezal de fresado \u00fanico que utiliza 10 plaquitas de carburo indexables produce biseles listos para soldar de forma r\u00e1pida y eficiente con poco esfuerzo del operador<\/li>\r\n \t<li>Cambio de plaquitas r\u00e1pido y sencillo sin necesidad de ajustes especiales<\/li>\r\n \t<li>Rango de trabajo de 0 a 60 grados con ajuste de \u00e1ngulo continuo<\/li>\r\n<\/ul><p class=\"read_more\"><a class=\"sm_button blue\" href=\"https:\/\/steelmax.com\/es\/producto\/bm21-ss-portable-beveling-machine-for-stainless-steel\/\">LEE MAS<\/a><\/p><\/div><\/div><\/div>","protected":false},"excerpt":{"rendered":"<p>Manual Plate Bevelers The Welding Shop of the 21st Century  [&#8230;]<\/p>\n","protected":false},"author":39,"featured_media":0,"parent":4890,"menu_order":0,"comment_status":"closed","ping_status":"closed","template":"","meta":{"_acf_changed":false,"content-type":"","footnotes":""},"class_list":["post-5027","page","type-page","status-publish","hentry"],"acf":[],"aioseo_notices":[],"_links":{"self":[{"href":"https:\/\/steelmax.com\/es\/wp-json\/wp\/v2\/pages\/5027","targetHints":{"allow":["GET"]}}],"collection":[{"href":"https:\/\/steelmax.com\/es\/wp-json\/wp\/v2\/pages"}],"about":[{"href":"https:\/\/steelmax.com\/es\/wp-json\/wp\/v2\/types\/page"}],"author":[{"embeddable":true,"href":"https:\/\/steelmax.com\/es\/wp-json\/wp\/v2\/users\/39"}],"replies":[{"embeddable":true,"href":"https:\/\/steelmax.com\/es\/wp-json\/wp\/v2\/comments?post=5027"}],"version-history":[{"count":0,"href":"https:\/\/steelmax.com\/es\/wp-json\/wp\/v2\/pages\/5027\/revisions"}],"up":[{"embeddable":true,"href":"https:\/\/steelmax.com\/es\/wp-json\/wp\/v2\/pages\/4890"}],"wp:attachment":[{"href":"https:\/\/steelmax.com\/es\/wp-json\/wp\/v2\/media?parent=5027"}],"curies":[{"name":"wp","href":"https:\/\/api.w.org\/{rel}","templated":true}]}}